{"id":39,"date":"2026-02-14T08:47:08","date_gmt":"2026-02-14T07:47:08","guid":{"rendered":"https:\/\/www.karitur.com\/portfolio\/"},"modified":"2026-02-14T08:52:52","modified_gmt":"2026-02-14T07:52:52","slug":"portfolio","status":"publish","type":"page","link":"https:\/\/www.karitur.com\/hu\/portfolio\/","title":{"rendered":"Utazunk"},"content":{"rendered":"<div class=\"wp-block-group alignfull is-style-ext-preset--group--natural-1--section has-background-background-color has-background has-global-padding is-layout-constrained wp-container-core-group-is-layout-7276a2bb wp-block-group-is-layout-constrained\" style=\"margin-top:0;margin-bottom:0;padding-top:var(--wp--preset--spacing--60);padding-right:var(--wp--preset--spacing--30);padding-bottom:var(--wp--preset--spacing--60);padding-left:var(--wp--preset--spacing--30)\">\n<div class=\"wp-block-columns alignwide are-vertically-aligned-center is-layout-flex wp-container-core-columns-is-layout-47c06fe3 wp-block-columns-is-layout-flex\">\n<div class=\"wp-block-column is-vertically-aligned-center is-layout-flow wp-container-core-column-is-layout-f5bb311e wp-block-column-is-layout-flow\" style=\"flex-basis:50%\">\n<figure class=\"wp-block-image is-style-ext-preset--image--natural-1--image-1--content-bottom is-style-ext-preset--image--natural-1--image-1--content-bottom--2\"><img loading=\"lazy\" decoding=\"async\" width=\"1280\" height=\"1920\" class=\"wp-image-72\" src=\"https:\/\/www.karitur.com\/wp-content\/uploads\/2026\/02\/36a54e0622f55fe74c283ea0fec349967e420444.jpg\" alt=\"\" style=\"aspect-ratio:1;object-fit:cover\" srcset=\"https:\/\/www.karitur.com\/wp-content\/uploads\/2026\/02\/36a54e0622f55fe74c283ea0fec349967e420444.jpg 1280w, https:\/\/www.karitur.com\/wp-content\/uploads\/2026\/02\/36a54e0622f55fe74c283ea0fec349967e420444-200x300.jpg 200w, https:\/\/www.karitur.com\/wp-content\/uploads\/2026\/02\/36a54e0622f55fe74c283ea0fec349967e420444-683x1024.jpg 683w, https:\/\/www.karitur.com\/wp-content\/uploads\/2026\/02\/36a54e0622f55fe74c283ea0fec349967e420444-768x1152.jpg 768w, https:\/\/www.karitur.com\/wp-content\/uploads\/2026\/02\/36a54e0622f55fe74c283ea0fec349967e420444-1024x1536.jpg 1024w, https:\/\/www.karitur.com\/wp-content\/uploads\/2026\/02\/36a54e0622f55fe74c283ea0fec349967e420444-8x12.jpg 8w\" sizes=\"auto, (max-width: 1280px) 100vw, 1280px\" \/><\/figure>\n<\/div>\n\n\n\n<div class=\"wp-block-column is-vertically-aligned-center is-layout-flow wp-block-column-is-layout-flow\" style=\"flex-basis:60%\">\n<h2 class=\"wp-block-heading has-large-font-size\">Marek Nov\u00e1k<\/h2>\n\n\n\n<p style=\"margin-top:8px\">Fyzik\u00e1lny v\u00fdskumn\u00edk<\/p>\n\n\n\n<p style=\"margin-top:16px\">Marek je sk\u00fasen\u00fd fyzik so zameran\u00edm na experiment\u00e1lnu vedeck\u00fa pr\u00e1cu v ter\u00e9ne. Jeho odborn\u00e9 znalosti zah\u0155\u0148aj\u00fa fyzik\u00e1lne javy v extr\u00e9mnych podmienkach, \u010do v\u00fdrazne prispieva k \u00faspechu na\u0161ich exped\u00edci\u00ed a vzdel\u00e1vac\u00edch projektov.<\/p>\n\n\n\n<ul class=\"wp-block-social-links has-normal-icon-size has-icon-color is-style-logos-only is-layout-flex wp-container-core-social-links-is-layout-ec7a6dbc wp-block-social-links-is-layout-flex\" style=\"margin-top:var(--wp--preset--spacing--30)\"><li style=\"color:#0B0620;\" class=\"wp-social-link wp-social-link-linkedin has-foreground-color wp-block-social-link\"><a href=\"#\" class=\"wp-block-social-link-anchor\"><svg width=\"24\" height=\"24\" viewbox=\"0 0 24 24\" version=\"1.1\" xmlns=\"http:\/\/www.w3.org\/2000\/svg\" aria-hidden=\"true\" focusable=\"false\"><path d=\"M19.7,3H4.3C3.582,3,3,3.582,3,4.3v15.4C3,20.418,3.582,21,4.3,21h15.4c0.718,0,1.3-0.582,1.3-1.3V4.3 C21,3.582,20.418,3,19.7,3z M8.339,18.338H5.667v-8.59h2.672V18.338z M7.004,8.574c-0.857,0-1.549-0.694-1.549-1.548 c0-0.855,0.691-1.548,1.549-1.548c0.854,0,1.547,0.694,1.547,1.548C8.551,7.881,7.858,8.574,7.004,8.574z M18.339,18.338h-2.669 v-4.177c0-0.996-0.017-2.278-1.387-2.278c-1.389,0-1.601,1.086-1.601,2.206v4.249h-2.667v-8.59h2.559v1.174h0.037 c0.356-0.675,1.227-1.387,2.526-1.387c2.703,0,3.203,1.779,3.203,4.092V18.338z\"><\/path><\/svg><span class=\"wp-block-social-link-label screen-reader-text\">LinkedIn<\/span><\/a><\/li>\n\n<li style=\"color:#0B0620;\" class=\"wp-social-link wp-social-link-x has-foreground-color wp-block-social-link\"><a href=\"#\" class=\"wp-block-social-link-anchor\"><svg width=\"24\" height=\"24\" viewbox=\"0 0 24 24\" version=\"1.1\" xmlns=\"http:\/\/www.w3.org\/2000\/svg\" aria-hidden=\"true\" focusable=\"false\"><path d=\"M13.982 10.622 20.54 3h-1.554l-5.693 6.618L8.745 3H3.5l6.876 10.007L3.5 21h1.554l6.012-6.989L15.868 21h5.245l-7.131-10.378Zm-2.128 2.474-.697-.997-5.543-7.93H8l4.474 6.4.697.996 5.815 8.318h-2.387l-4.745-6.787Z\" \/><\/svg><span class=\"wp-block-social-link-label screen-reader-text\">X<\/span><\/a><\/li>\n\n<li style=\"color:#0B0620;\" class=\"wp-social-link wp-social-link-dribbble has-foreground-color wp-block-social-link\"><a href=\"#\" class=\"wp-block-social-link-anchor\"><svg width=\"24\" height=\"24\" viewbox=\"0 0 24 24\" version=\"1.1\" xmlns=\"http:\/\/www.w3.org\/2000\/svg\" aria-hidden=\"true\" focusable=\"false\"><path d=\"M12,22C6.486,22,2,17.514,2,12S6.486,2,12,2c5.514,0,10,4.486,10,10S17.514,22,12,22z M20.434,13.369 c-0.292-0.092-2.644-0.794-5.32-0.365c1.117,3.07,1.572,5.57,1.659,6.09C18.689,17.798,20.053,15.745,20.434,13.369z M15.336,19.876c-0.127-0.749-0.623-3.361-1.822-6.477c-0.019,0.006-0.038,0.013-0.056,0.019c-4.818,1.679-6.547,5.02-6.701,5.334 c1.448,1.129,3.268,1.803,5.243,1.803C13.183,20.555,14.311,20.313,15.336,19.876z M5.654,17.724 c0.193-0.331,2.538-4.213,6.943-5.637c0.111-0.036,0.224-0.07,0.337-0.102c-0.214-0.485-0.448-0.971-0.692-1.45 c-4.266,1.277-8.405,1.223-8.778,1.216c-0.003,0.087-0.004,0.174-0.004,0.261C3.458,14.207,4.29,16.21,5.654,17.724z M3.639,10.264 c0.382,0.005,3.901,0.02,7.897-1.041c-1.415-2.516-2.942-4.631-3.167-4.94C5.979,5.41,4.193,7.613,3.639,10.264z M9.998,3.709 c0.236,0.316,1.787,2.429,3.187,5c3.037-1.138,4.323-2.867,4.477-3.085C16.154,4.286,14.17,3.471,12,3.471 C11.311,3.471,10.641,3.554,9.998,3.709z M18.612,6.612C18.432,6.855,17,8.69,13.842,9.979c0.199,0.407,0.389,0.821,0.567,1.237 c0.063,0.148,0.124,0.295,0.184,0.441c2.842-0.357,5.666,0.215,5.948,0.275C20.522,9.916,19.801,8.065,18.612,6.612z\"><\/path><\/svg><span class=\"wp-block-social-link-label screen-reader-text\">Dribbble<\/span><\/a><\/li><\/ul>\n<\/div>\n<\/div>\n<\/div>\n\n<div class=\"wp-block-group alignfull is-style-ext-preset--group--natural-1--section has-tertiary-background-color has-background has-global-padding is-layout-constrained wp-container-core-group-is-layout-f72f1611 wp-block-group-is-layout-constrained\" id=\"galeria\" style=\"margin-top:0;margin-bottom:0;padding-top:var(--wp--preset--spacing--70);padding-bottom:var(--wp--preset--spacing--70)\">\n<div class=\"wp-block-group alignwide is-vertical is-layout-flex wp-container-core-group-is-layout-c35747d5 wp-block-group-is-layout-flex\">\n<div class=\"wp-block-group has-global-padding is-layout-constrained wp-container-core-group-is-layout-5e05634a wp-block-group-is-layout-constrained\">\n<h2 class=\"wp-block-heading\">Na\u0161e exped\u00edcie: Objavovanie sveta fyziky v praxi<\/h2>\n\n\n\n<p class=\"has-text-align-left\">Prehliadnite si gal\u00e9riu jedine\u010dn\u00fdch momentov z na\u0161ich vedeck\u00fdch v\u00fdprav a cestovate\u013esk\u00fdch z\u00e1\u017eitkov.<\/p>\n<\/div>\n<\/div>\n\n\n\n<div class=\"wp-block-columns alignwide are-vertically-aligned-top is-layout-flex wp-container-core-columns-is-layout-87beb0d0 wp-block-columns-is-layout-flex\">\n<div class=\"wp-block-column is-vertically-aligned-top is-layout-flow wp-container-core-column-is-layout-f5bb311e wp-block-column-is-layout-flow\">\n<figure class=\"wp-block-image is-style-ext-preset--image--natural-1--image-1--content-bottom is-style-ext-preset--image--natural-1--image-1--content-bottom--4\"><img loading=\"lazy\" decoding=\"async\" width=\"1440\" height=\"963\" class=\"wp-image-75\" src=\"https:\/\/www.karitur.com\/wp-content\/uploads\/2026\/02\/20d878558171718a560fe5d0eee6dbdb08b78ac2.jpg\" alt=\"\" style=\"aspect-ratio:1;object-fit:cover\" srcset=\"https:\/\/www.karitur.com\/wp-content\/uploads\/2026\/02\/20d878558171718a560fe5d0eee6dbdb08b78ac2.jpg 1440w, https:\/\/www.karitur.com\/wp-content\/uploads\/2026\/02\/20d878558171718a560fe5d0eee6dbdb08b78ac2-300x201.jpg 300w, https:\/\/www.karitur.com\/wp-content\/uploads\/2026\/02\/20d878558171718a560fe5d0eee6dbdb08b78ac2-1024x685.jpg 1024w, https:\/\/www.karitur.com\/wp-content\/uploads\/2026\/02\/20d878558171718a560fe5d0eee6dbdb08b78ac2-768x514.jpg 768w, https:\/\/www.karitur.com\/wp-content\/uploads\/2026\/02\/20d878558171718a560fe5d0eee6dbdb08b78ac2-18x12.jpg 18w\" sizes=\"auto, (max-width: 1440px) 100vw, 1440px\" \/><\/figure>\n\n\n\n<figure class=\"wp-block-image is-style-ext-preset--image--natural-1--image-1--content-bottom is-style-ext-preset--image--natural-1--image-1--content-bottom--5\"><img loading=\"lazy\" decoding=\"async\" width=\"1440\" height=\"1152\" class=\"wp-image-83\" src=\"https:\/\/www.karitur.com\/wp-content\/uploads\/2026\/02\/e86f0c4381e844138be6d024c84b18f07bb64b38.jpg\" alt=\"\" style=\"aspect-ratio:1;object-fit:cover\" srcset=\"https:\/\/www.karitur.com\/wp-content\/uploads\/2026\/02\/e86f0c4381e844138be6d024c84b18f07bb64b38.jpg 1440w, https:\/\/www.karitur.com\/wp-content\/uploads\/2026\/02\/e86f0c4381e844138be6d024c84b18f07bb64b38-300x240.jpg 300w, https:\/\/www.karitur.com\/wp-content\/uploads\/2026\/02\/e86f0c4381e844138be6d024c84b18f07bb64b38-1024x819.jpg 1024w, https:\/\/www.karitur.com\/wp-content\/uploads\/2026\/02\/e86f0c4381e844138be6d024c84b18f07bb64b38-768x614.jpg 768w, https:\/\/www.karitur.com\/wp-content\/uploads\/2026\/02\/e86f0c4381e844138be6d024c84b18f07bb64b38-15x12.jpg 15w\" sizes=\"auto, (max-width: 1440px) 100vw, 1440px\" \/><\/figure>\n<\/div>\n\n\n\n<div class=\"wp-block-column is-vertically-aligned-top is-layout-flow wp-container-core-column-is-layout-f5bb311e wp-block-column-is-layout-flow\">\n<figure class=\"wp-block-image is-style-ext-preset--image--natural-1--image-1--content-bottom is-style-ext-preset--image--natural-1--image-1--content-bottom--6\"><img loading=\"lazy\" decoding=\"async\" width=\"1440\" height=\"940\" class=\"wp-image-84\" src=\"https:\/\/www.karitur.com\/wp-content\/uploads\/2026\/02\/455a3e956f728528a988f2da63c63694bb72fb06.jpg\" alt=\"\" style=\"aspect-ratio:1;object-fit:cover\" srcset=\"https:\/\/www.karitur.com\/wp-content\/uploads\/2026\/02\/455a3e956f728528a988f2da63c63694bb72fb06.jpg 1440w, https:\/\/www.karitur.com\/wp-content\/uploads\/2026\/02\/455a3e956f728528a988f2da63c63694bb72fb06-300x196.jpg 300w, https:\/\/www.karitur.com\/wp-content\/uploads\/2026\/02\/455a3e956f728528a988f2da63c63694bb72fb06-1024x668.jpg 1024w, https:\/\/www.karitur.com\/wp-content\/uploads\/2026\/02\/455a3e956f728528a988f2da63c63694bb72fb06-768x501.jpg 768w, https:\/\/www.karitur.com\/wp-content\/uploads\/2026\/02\/455a3e956f728528a988f2da63c63694bb72fb06-18x12.jpg 18w\" sizes=\"auto, (max-width: 1440px) 100vw, 1440px\" \/><\/figure>\n\n\n\n<figure class=\"wp-block-image is-style-ext-preset--image--natural-1--image-1--content-bottom is-style-ext-preset--image--natural-1--image-1--content-bottom--7\"><img loading=\"lazy\" decoding=\"async\" width=\"1440\" height=\"1080\" class=\"wp-image-81\" src=\"https:\/\/www.karitur.com\/wp-content\/uploads\/2026\/02\/b79f5f8d74dd161d6fba6066aad4e4fc06a4807f.jpg\" alt=\"\" style=\"aspect-ratio:1;object-fit:cover\" srcset=\"https:\/\/www.karitur.com\/wp-content\/uploads\/2026\/02\/b79f5f8d74dd161d6fba6066aad4e4fc06a4807f.jpg 1440w, https:\/\/www.karitur.com\/wp-content\/uploads\/2026\/02\/b79f5f8d74dd161d6fba6066aad4e4fc06a4807f-300x225.jpg 300w, https:\/\/www.karitur.com\/wp-content\/uploads\/2026\/02\/b79f5f8d74dd161d6fba6066aad4e4fc06a4807f-1024x768.jpg 1024w, https:\/\/www.karitur.com\/wp-content\/uploads\/2026\/02\/b79f5f8d74dd161d6fba6066aad4e4fc06a4807f-768x576.jpg 768w, https:\/\/www.karitur.com\/wp-content\/uploads\/2026\/02\/b79f5f8d74dd161d6fba6066aad4e4fc06a4807f-16x12.jpg 16w\" sizes=\"auto, (max-width: 1440px) 100vw, 1440px\" \/><\/figure>\n<\/div>\n\n\n\n<div class=\"wp-block-column is-vertically-aligned-top is-layout-flow wp-container-core-column-is-layout-f5bb311e wp-block-column-is-layout-flow\">\n<figure class=\"wp-block-image is-style-ext-preset--image--natural-1--image-1--content-bottom is-style-ext-preset--image--natural-1--image-1--content-bottom--8\"><img loading=\"lazy\" decoding=\"async\" width=\"1440\" height=\"960\" class=\"wp-image-69\" src=\"https:\/\/www.karitur.com\/wp-content\/uploads\/2026\/02\/20bac9ae0e680ebe42f38dff8bfec3746501d07d.jpg\" alt=\"\" style=\"aspect-ratio:1;object-fit:cover\" srcset=\"https:\/\/www.karitur.com\/wp-content\/uploads\/2026\/02\/20bac9ae0e680ebe42f38dff8bfec3746501d07d.jpg 1440w, https:\/\/www.karitur.com\/wp-content\/uploads\/2026\/02\/20bac9ae0e680ebe42f38dff8bfec3746501d07d-300x200.jpg 300w, https:\/\/www.karitur.com\/wp-content\/uploads\/2026\/02\/20bac9ae0e680ebe42f38dff8bfec3746501d07d-1024x683.jpg 1024w, https:\/\/www.karitur.com\/wp-content\/uploads\/2026\/02\/20bac9ae0e680ebe42f38dff8bfec3746501d07d-768x512.jpg 768w, https:\/\/www.karitur.com\/wp-content\/uploads\/2026\/02\/20bac9ae0e680ebe42f38dff8bfec3746501d07d-18x12.jpg 18w\" sizes=\"auto, (max-width: 1440px) 100vw, 1440px\" \/><\/figure>\n\n\n\n<figure class=\"wp-block-image is-style-ext-preset--image--natural-1--image-1--content-bottom is-style-ext-preset--image--natural-1--image-1--content-bottom--9\"><img loading=\"lazy\" decoding=\"async\" width=\"956\" height=\"1440\" class=\"wp-image-77\" src=\"https:\/\/www.karitur.com\/wp-content\/uploads\/2026\/02\/cb9e1d72747f7674bcbbab4a6c014da5bcc486cf.jpg\" alt=\"\" style=\"aspect-ratio:1;object-fit:cover\" srcset=\"https:\/\/www.karitur.com\/wp-content\/uploads\/2026\/02\/cb9e1d72747f7674bcbbab4a6c014da5bcc486cf.jpg 956w, https:\/\/www.karitur.com\/wp-content\/uploads\/2026\/02\/cb9e1d72747f7674bcbbab4a6c014da5bcc486cf-199x300.jpg 199w, https:\/\/www.karitur.com\/wp-content\/uploads\/2026\/02\/cb9e1d72747f7674bcbbab4a6c014da5bcc486cf-680x1024.jpg 680w, https:\/\/www.karitur.com\/wp-content\/uploads\/2026\/02\/cb9e1d72747f7674bcbbab4a6c014da5bcc486cf-768x1157.jpg 768w, https:\/\/www.karitur.com\/wp-content\/uploads\/2026\/02\/cb9e1d72747f7674bcbbab4a6c014da5bcc486cf-8x12.jpg 8w\" sizes=\"auto, (max-width: 956px) 100vw, 956px\" \/><\/figure>\n<\/div>\n<\/div>\n<\/div>\n\n<div class=\"wp-block-group alignfull is-style-ext-preset--group--natural-1--section has-background-background-color has-background has-global-padding is-layout-constrained wp-container-core-group-is-layout-e955bbaf wp-block-group-is-layout-constrained\" style=\"margin-top:0;margin-bottom:0;padding-top:var(--wp--preset--spacing--70);padding-bottom:var(--wp--preset--spacing--70)\">\n<div class=\"wp-block-group alignwide is-vertical is-layout-flex wp-container-core-group-is-layout-c35747d5 wp-block-group-is-layout-flex\">\n<div class=\"wp-block-group has-global-padding is-layout-constrained wp-container-core-group-is-layout-5e05634a wp-block-group-is-layout-constrained\">\n<h2 class=\"wp-block-heading\">In\u0161pirat\u00edvne pr\u00edbehy z na\u0161ich exped\u00edci\u00ed a vedeck\u00fdch objavov.<\/h2>\n\n\n\n<p>Detailn\u00fd popis krokov na\u0161ich v\u00fdprav, ktor\u00fd umo\u017e\u0148uje ka\u017ed\u00e9mu pochopi\u0165, ako sp\u00e1ja\u0165 fyziku s dobrodru\u017estvom po celom svete.<\/p>\n<\/div>\n<\/div>\n\n\n\n<div class=\"wp-block-media-text alignwide has-media-on-the-right is-stacked-on-mobile is-image-fill-element is-style-ext-preset--media-text--natural-1--card-1 is-style-ext-preset--media-text--natural-1--card-1--11\"><div class=\"wp-block-media-text__content\">\n<div class=\"wp-block-group alignwide is-vertical is-layout-flex wp-container-core-group-is-layout-53474e87 wp-block-group-is-layout-flex\" style=\"padding-top:var(--wp--preset--spacing--60);padding-bottom:var(--wp--preset--spacing--60)\">\n<div class=\"wp-block-group has-global-padding is-layout-constrained wp-container-core-group-is-layout-812d5580 wp-block-group-is-layout-constrained\" style=\"padding-top:0;padding-right:0;padding-bottom:0;padding-left:0\">\n<h3 class=\"wp-block-heading\">Ako sme roz\u0161\u00edrili hranice poznania cez jedine\u010dn\u00e9 fyzik\u00e1lne experimenty.<\/h3>\n\n\n\n<p>Pr\u00edbeh na\u0161ej exped\u00edcie ukazuje, ako sme prekonali v\u00fdzvy na pol\u00e1rnych staniciach a priniesli nov\u00e9 poznatky z r\u00f4znych svetov\u00fdch lokal\u00edt.<\/p>\n<\/div>\n<\/div>\n<\/div><figure class=\"wp-block-media-text__media\"><img loading=\"lazy\" decoding=\"async\" width=\"1280\" height=\"1920\" class=\"wp-image-73 size-full\" src=\"https:\/\/www.karitur.com\/wp-content\/uploads\/2026\/02\/cc2297ed0d976c37cbd460dfe1eedc430439fd68.jpg\" alt=\"\" style=\"object-position:50% 50%\" srcset=\"https:\/\/www.karitur.com\/wp-content\/uploads\/2026\/02\/cc2297ed0d976c37cbd460dfe1eedc430439fd68.jpg 1280w, https:\/\/www.karitur.com\/wp-content\/uploads\/2026\/02\/cc2297ed0d976c37cbd460dfe1eedc430439fd68-200x300.jpg 200w, https:\/\/www.karitur.com\/wp-content\/uploads\/2026\/02\/cc2297ed0d976c37cbd460dfe1eedc430439fd68-683x1024.jpg 683w, https:\/\/www.karitur.com\/wp-content\/uploads\/2026\/02\/cc2297ed0d976c37cbd460dfe1eedc430439fd68-768x1152.jpg 768w, https:\/\/www.karitur.com\/wp-content\/uploads\/2026\/02\/cc2297ed0d976c37cbd460dfe1eedc430439fd68-1024x1536.jpg 1024w, https:\/\/www.karitur.com\/wp-content\/uploads\/2026\/02\/cc2297ed0d976c37cbd460dfe1eedc430439fd68-8x12.jpg 8w\" sizes=\"auto, (max-width: 1280px) 100vw, 1280px\" \/><\/figure><\/div>\n\n\n\n<div class=\"wp-block-media-text alignwide is-stacked-on-mobile is-image-fill-element is-style-ext-preset--media-text--natural-1--card-1 is-style-ext-preset--media-text--natural-1--card-1--12\" style=\"margin-top:var(--wp--preset--spacing--40)\"><figure class=\"wp-block-media-text__media\"><img loading=\"lazy\" decoding=\"async\" width=\"1280\" height=\"1920\" class=\"wp-image-72 size-full\" src=\"https:\/\/www.karitur.com\/wp-content\/uploads\/2026\/02\/36a54e0622f55fe74c283ea0fec349967e420444.jpg\" alt=\"\" style=\"object-position:50% 50%\" srcset=\"https:\/\/www.karitur.com\/wp-content\/uploads\/2026\/02\/36a54e0622f55fe74c283ea0fec349967e420444.jpg 1280w, https:\/\/www.karitur.com\/wp-content\/uploads\/2026\/02\/36a54e0622f55fe74c283ea0fec349967e420444-200x300.jpg 200w, https:\/\/www.karitur.com\/wp-content\/uploads\/2026\/02\/36a54e0622f55fe74c283ea0fec349967e420444-683x1024.jpg 683w, https:\/\/www.karitur.com\/wp-content\/uploads\/2026\/02\/36a54e0622f55fe74c283ea0fec349967e420444-768x1152.jpg 768w, https:\/\/www.karitur.com\/wp-content\/uploads\/2026\/02\/36a54e0622f55fe74c283ea0fec349967e420444-1024x1536.jpg 1024w, https:\/\/www.karitur.com\/wp-content\/uploads\/2026\/02\/36a54e0622f55fe74c283ea0fec349967e420444-8x12.jpg 8w\" sizes=\"auto, (max-width: 1280px) 100vw, 1280px\" \/><\/figure><div class=\"wp-block-media-text__content\">\n<div class=\"wp-block-group alignwide is-vertical is-layout-flex wp-container-core-group-is-layout-53474e87 wp-block-group-is-layout-flex\" style=\"padding-top:var(--wp--preset--spacing--60);padding-bottom:var(--wp--preset--spacing--60)\">\n<div class=\"wp-block-group has-global-padding is-layout-constrained wp-container-core-group-is-layout-812d5580 wp-block-group-is-layout-constrained\" style=\"padding-top:0;padding-right:0;padding-bottom:0;padding-left:0\">\n<h3 class=\"wp-block-heading\">Dosiahnutie nov\u00fdch vedeck\u00fdch objavov v\u010faka odvahe a zvedavosti.<\/h3>\n\n\n\n<p>T\u00e1to pr\u00edpadov\u00e1 \u0161t\u00fadia predstavuje, ako sme optimalizovali vedeck\u00e9 met\u00f3dy a prepojili ich s kult\u00farnymi sk\u00fasenos\u0165ami po\u010das na\u0161ich ciest.<\/p>\n<\/div>\n<\/div>\n<\/div><\/div>\n\n\n\n<div class=\"wp-block-media-text alignwide has-media-on-the-right is-stacked-on-mobile is-image-fill-element is-style-ext-preset--media-text--natural-1--card-1 is-style-ext-preset--media-text--natural-1--card-1--13\" style=\"margin-top:var(--wp--preset--spacing--40)\"><div class=\"wp-block-media-text__content\">\n<div class=\"wp-block-group alignwide is-vertical is-layout-flex wp-container-core-group-is-layout-53474e87 wp-block-group-is-layout-flex\" style=\"padding-top:var(--wp--preset--spacing--60);padding-bottom:var(--wp--preset--spacing--60)\">\n<div class=\"wp-block-group has-global-padding is-layout-constrained wp-container-core-group-is-layout-812d5580 wp-block-group-is-layout-constrained\" style=\"padding-top:0;padding-right:0;padding-bottom:0;padding-left:0\">\n<h3 class=\"wp-block-heading\">Zmena poh\u013eadu na pr\u00edrodu cez vedeck\u00e9 experimenty na cest\u00e1ch.<\/h3>\n\n\n\n<p>Uk\u00e1\u017eeme, ako na\u0161e exped\u00edcie prin\u00e1\u0161aj\u00fa nov\u00e9 poznatky, zlep\u0161uj\u00fa pochopenie pr\u00edrodn\u00fdch z\u00e1konov a obohacuj\u00fa miestne komunity.<\/p>\n<\/div>\n<\/div>\n<\/div><figure class=\"wp-block-media-text__media\"><img loading=\"lazy\" decoding=\"async\" width=\"1280\" height=\"1828\" class=\"wp-image-71 size-full\" src=\"https:\/\/www.karitur.com\/wp-content\/uploads\/2026\/02\/2b783ce0fcce64ff67550eff598174e761599f21.jpg\" alt=\"\" style=\"object-position:50% 50%\" srcset=\"https:\/\/www.karitur.com\/wp-content\/uploads\/2026\/02\/2b783ce0fcce64ff67550eff598174e761599f21.jpg 1280w, https:\/\/www.karitur.com\/wp-content\/uploads\/2026\/02\/2b783ce0fcce64ff67550eff598174e761599f21-210x300.jpg 210w, https:\/\/www.karitur.com\/wp-content\/uploads\/2026\/02\/2b783ce0fcce64ff67550eff598174e761599f21-717x1024.jpg 717w, https:\/\/www.karitur.com\/wp-content\/uploads\/2026\/02\/2b783ce0fcce64ff67550eff598174e761599f21-768x1097.jpg 768w, https:\/\/www.karitur.com\/wp-content\/uploads\/2026\/02\/2b783ce0fcce64ff67550eff598174e761599f21-1076x1536.jpg 1076w, https:\/\/www.karitur.com\/wp-content\/uploads\/2026\/02\/2b783ce0fcce64ff67550eff598174e761599f21-8x12.jpg 8w\" sizes=\"auto, (max-width: 1280px) 100vw, 1280px\" \/><\/figure><\/div>\n\n\n\n<div class=\"wp-block-buttons is-content-justification-center is-layout-flex wp-container-core-buttons-is-layout-a89b3969 wp-block-buttons-is-layout-flex\">\n<div class=\"wp-block-button is-style-ext-preset--button--natural-1--button-1 is-style-ext-preset--button--natural-1--button-1--14\"><a class=\"wp-block-button__link wp-element-button\" href=\"https:\/\/www.karitur.com\/hu\/o-nas\/\">Zistite viac<\/a><\/div>\n<\/div>\n<\/div>","protected":false},"excerpt":{"rendered":"<p>Marek Nov\u00e1k Fyzik\u00e1lny v\u00fdskumn\u00edk Marek je sk\u00fasen\u00fd fyzik so zameran\u00edm na experiment\u00e1lnu vedeck\u00fa pr\u00e1cu v ter\u00e9ne. Jeho odborn\u00e9 znalosti zah\u0155\u0148aj\u00fa fyzik\u00e1lne javy v extr\u00e9mnych podmienkach, \u010do v\u00fdrazne prispieva k \u00faspechu na\u0161ich exped\u00edci\u00ed a vzdel\u00e1vac\u00edch projektov. Na\u0161e exped\u00edcie: Objavovanie sveta fyziky v praxi Prehliadnite si gal\u00e9riu jedine\u010dn\u00fdch momentov z na\u0161ich vedeck\u00fdch v\u00fdprav a cestovate\u013esk\u00fdch z\u00e1\u017eitkov. In\u0161pirat\u00edvne [&hellip;]<\/p>\n","protected":false},"author":1,"featured_media":0,"parent":0,"menu_order":0,"comment_status":"closed","ping_status":"closed","template":"page-with-title","meta":{"_monsterinsights_skip_tracking":false,"_monsterinsights_sitenote_active":false,"_monsterinsights_sitenote_note":"","_monsterinsights_sitenote_category":0,"footnotes":""},"class_list":["post-39","page","type-page","status-publish","hentry"],"aioseo_notices":[],"_links":{"self":[{"href":"https:\/\/www.karitur.com\/hu\/wp-json\/wp\/v2\/pages\/39","targetHints":{"allow":["GET"]}}],"collection":[{"href":"https:\/\/www.karitur.com\/hu\/wp-json\/wp\/v2\/pages"}],"about":[{"href":"https:\/\/www.karitur.com\/hu\/wp-json\/wp\/v2\/types\/page"}],"author":[{"embeddable":true,"href":"https:\/\/www.karitur.com\/hu\/wp-json\/wp\/v2\/users\/1"}],"replies":[{"embeddable":true,"href":"https:\/\/www.karitur.com\/hu\/wp-json\/wp\/v2\/comments?post=39"}],"version-history":[{"count":2,"href":"https:\/\/www.karitur.com\/hu\/wp-json\/wp\/v2\/pages\/39\/revisions"}],"predecessor-version":[{"id":85,"href":"https:\/\/www.karitur.com\/hu\/wp-json\/wp\/v2\/pages\/39\/revisions\/85"}],"wp:attachment":[{"href":"https:\/\/www.karitur.com\/hu\/wp-json\/wp\/v2\/media?parent=39"}],"curies":[{"name":"wp","href":"https:\/\/api.w.org\/{rel}","templated":true}]}}