{"id":38,"date":"2026-02-14T08:47:06","date_gmt":"2026-02-14T07:47:06","guid":{"rendered":"https:\/\/www.karitur.com\/galeria\/"},"modified":"2026-02-14T08:52:46","modified_gmt":"2026-02-14T07:52:46","slug":"galeria","status":"publish","type":"page","link":"https:\/\/www.karitur.com\/hu\/galeria\/","title":{"rendered":"Galeria"},"content":{"rendered":"<div class=\"wp-block-group alignfull is-style-ext-preset--group--natural-1--section has-background-background-color has-background has-global-padding is-layout-constrained wp-container-core-group-is-layout-f72f1611 wp-block-group-is-layout-constrained\" id=\"galeria\" style=\"margin-top:0;margin-bottom:0;padding-top:var(--wp--preset--spacing--70);padding-bottom:var(--wp--preset--spacing--70)\">\n<div class=\"wp-block-group alignwide is-vertical is-layout-flex wp-container-core-group-is-layout-c35747d5 wp-block-group-is-layout-flex\">\n<div class=\"wp-block-group has-global-padding is-layout-constrained wp-container-core-group-is-layout-5e05634a wp-block-group-is-layout-constrained\">\n<h2 class=\"wp-block-heading\">Na\u0161e exped\u00edcie zachyten\u00e9 objekt\u00edvom<\/h2>\n\n\n\n<p class=\"has-text-align-left\">Gal\u00e9ria pln\u00e1 jedine\u010dn\u00fdch momentiek z na\u0161ich vedeck\u00fdch v\u00fdprav a kult\u00farnych objavov.<\/p>\n<\/div>\n<\/div>\n\n\n\n<div class=\"wp-block-columns alignwide is-layout-flex wp-container-core-columns-is-layout-87beb0d0 wp-block-columns-is-layout-flex\">\n<div class=\"wp-block-column is-vertically-aligned-top is-layout-flow wp-container-core-column-is-layout-f5bb311e wp-block-column-is-layout-flow\">\n<figure class=\"wp-block-image is-style-ext-preset--image--natural-1--image-1--content-bottom is-style-ext-preset--image--natural-1--image-1--content-bottom--2\"><img loading=\"lazy\" decoding=\"async\" width=\"1440\" height=\"960\" class=\"wp-image-69\" src=\"https:\/\/www.karitur.com\/wp-content\/uploads\/2026\/02\/20bac9ae0e680ebe42f38dff8bfec3746501d07d.jpg\" alt=\"\" style=\"aspect-ratio:1;object-fit:cover\" srcset=\"https:\/\/www.karitur.com\/wp-content\/uploads\/2026\/02\/20bac9ae0e680ebe42f38dff8bfec3746501d07d.jpg 1440w, https:\/\/www.karitur.com\/wp-content\/uploads\/2026\/02\/20bac9ae0e680ebe42f38dff8bfec3746501d07d-300x200.jpg 300w, https:\/\/www.karitur.com\/wp-content\/uploads\/2026\/02\/20bac9ae0e680ebe42f38dff8bfec3746501d07d-1024x683.jpg 1024w, https:\/\/www.karitur.com\/wp-content\/uploads\/2026\/02\/20bac9ae0e680ebe42f38dff8bfec3746501d07d-768x512.jpg 768w, https:\/\/www.karitur.com\/wp-content\/uploads\/2026\/02\/20bac9ae0e680ebe42f38dff8bfec3746501d07d-18x12.jpg 18w\" sizes=\"auto, (max-width: 1440px) 100vw, 1440px\" \/><\/figure>\n\n\n\n<figure class=\"wp-block-image is-style-ext-preset--image--natural-1--image-1--content-right is-style-ext-preset--image--natural-1--image-1--content-right--3\"><img loading=\"lazy\" decoding=\"async\" width=\"956\" height=\"1440\" class=\"wp-image-77\" src=\"https:\/\/www.karitur.com\/wp-content\/uploads\/2026\/02\/cb9e1d72747f7674bcbbab4a6c014da5bcc486cf.jpg\" alt=\"\" style=\"aspect-ratio:4\/3;object-fit:cover\" srcset=\"https:\/\/www.karitur.com\/wp-content\/uploads\/2026\/02\/cb9e1d72747f7674bcbbab4a6c014da5bcc486cf.jpg 956w, https:\/\/www.karitur.com\/wp-content\/uploads\/2026\/02\/cb9e1d72747f7674bcbbab4a6c014da5bcc486cf-199x300.jpg 199w, https:\/\/www.karitur.com\/wp-content\/uploads\/2026\/02\/cb9e1d72747f7674bcbbab4a6c014da5bcc486cf-680x1024.jpg 680w, https:\/\/www.karitur.com\/wp-content\/uploads\/2026\/02\/cb9e1d72747f7674bcbbab4a6c014da5bcc486cf-768x1157.jpg 768w, https:\/\/www.karitur.com\/wp-content\/uploads\/2026\/02\/cb9e1d72747f7674bcbbab4a6c014da5bcc486cf-8x12.jpg 8w\" sizes=\"auto, (max-width: 956px) 100vw, 956px\" \/><\/figure>\n<\/div>\n\n\n\n<div class=\"wp-block-column is-vertically-aligned-top is-layout-flow wp-container-core-column-is-layout-f5bb311e wp-block-column-is-layout-flow\">\n<figure class=\"wp-block-image is-style-ext-preset--image--natural-1--image-1--content-left is-style-ext-preset--image--natural-1--image-1--content-left--4\"><img loading=\"lazy\" decoding=\"async\" width=\"1440\" height=\"960\" class=\"wp-image-78\" src=\"https:\/\/www.karitur.com\/wp-content\/uploads\/2026\/02\/5efe45054515967860aeae9d7c3cfe7b15942427.jpg\" alt=\"\" style=\"aspect-ratio:4\/3;object-fit:cover\" srcset=\"https:\/\/www.karitur.com\/wp-content\/uploads\/2026\/02\/5efe45054515967860aeae9d7c3cfe7b15942427.jpg 1440w, https:\/\/www.karitur.com\/wp-content\/uploads\/2026\/02\/5efe45054515967860aeae9d7c3cfe7b15942427-300x200.jpg 300w, https:\/\/www.karitur.com\/wp-content\/uploads\/2026\/02\/5efe45054515967860aeae9d7c3cfe7b15942427-1024x683.jpg 1024w, https:\/\/www.karitur.com\/wp-content\/uploads\/2026\/02\/5efe45054515967860aeae9d7c3cfe7b15942427-768x512.jpg 768w, https:\/\/www.karitur.com\/wp-content\/uploads\/2026\/02\/5efe45054515967860aeae9d7c3cfe7b15942427-18x12.jpg 18w\" sizes=\"auto, (max-width: 1440px) 100vw, 1440px\" \/><\/figure>\n\n\n\n<figure class=\"wp-block-image is-style-ext-preset--image--natural-1--image-1--content-left is-style-ext-preset--image--natural-1--image-1--content-left--5\"><img loading=\"lazy\" decoding=\"async\" width=\"1440\" height=\"970\" class=\"wp-image-79\" src=\"https:\/\/www.karitur.com\/wp-content\/uploads\/2026\/02\/d2a6ef718f306ea724798c97b78fd0510563035f.jpg\" alt=\"\" style=\"aspect-ratio:1;object-fit:cover\" srcset=\"https:\/\/www.karitur.com\/wp-content\/uploads\/2026\/02\/d2a6ef718f306ea724798c97b78fd0510563035f.jpg 1440w, https:\/\/www.karitur.com\/wp-content\/uploads\/2026\/02\/d2a6ef718f306ea724798c97b78fd0510563035f-300x202.jpg 300w, https:\/\/www.karitur.com\/wp-content\/uploads\/2026\/02\/d2a6ef718f306ea724798c97b78fd0510563035f-1024x690.jpg 1024w, https:\/\/www.karitur.com\/wp-content\/uploads\/2026\/02\/d2a6ef718f306ea724798c97b78fd0510563035f-768x517.jpg 768w, https:\/\/www.karitur.com\/wp-content\/uploads\/2026\/02\/d2a6ef718f306ea724798c97b78fd0510563035f-18x12.jpg 18w\" sizes=\"auto, (max-width: 1440px) 100vw, 1440px\" \/><\/figure>\n<\/div>\n<\/div>\n<\/div>\n\n<div class=\"wp-block-group alignfull is-style-ext-preset--group--natural-1--section has-tertiary-background-color has-background has-global-padding is-layout-constrained wp-container-core-group-is-layout-6714b1d7 wp-block-group-is-layout-constrained\" id=\"o-nas\" style=\"margin-top:0;margin-bottom:0;padding-top:var(--wp--preset--spacing--70);padding-bottom:var(--wp--preset--spacing--70)\">\n<div class=\"wp-block-group alignwide is-vertical is-content-justification-center is-layout-flex wp-container-core-group-is-layout-c9ee0c5a wp-block-group-is-layout-flex\">\n<div class=\"wp-block-group has-global-padding is-layout-constrained wp-container-core-group-is-layout-2287c683 wp-block-group-is-layout-constrained\">\n<h2 class=\"wp-block-heading has-text-align-center\">Gal\u00e9ria z\u00e1\u017eitkov z vedeck\u00fdch exped\u00edci\u00ed<\/h2>\n\n\n\n<p class=\"has-text-align-center\">Objavte unik\u00e1tne momenty a pr\u00edbehy z na\u0161ich ciest, kde sa sp\u00e1ja veda, objavovanie a kult\u00farne dedi\u010dstvo.<\/p>\n<\/div>\n<\/div>\n\n\n\n<div class=\"wp-block-columns alignwide is-layout-flex wp-container-core-columns-is-layout-28f84493 wp-block-columns-is-layout-flex\">\n<div class=\"wp-block-column is-layout-flow wp-block-column-is-layout-flow\">\n<figure class=\"wp-block-image is-style-ext-preset-image-natural-1-image-1--content-bottom is-style-ext-preset--image--natural-1--image-1--content-bottom is-style-ext-preset--image--natural-1--image-1--content-bottom--7\"><img loading=\"lazy\" decoding=\"async\" width=\"1440\" height=\"963\" class=\"wp-image-75\" src=\"https:\/\/www.karitur.com\/wp-content\/uploads\/2026\/02\/20d878558171718a560fe5d0eee6dbdb08b78ac2.jpg\" alt=\"\" style=\"aspect-ratio:3\/4;object-fit:cover\" srcset=\"https:\/\/www.karitur.com\/wp-content\/uploads\/2026\/02\/20d878558171718a560fe5d0eee6dbdb08b78ac2.jpg 1440w, https:\/\/www.karitur.com\/wp-content\/uploads\/2026\/02\/20d878558171718a560fe5d0eee6dbdb08b78ac2-300x201.jpg 300w, https:\/\/www.karitur.com\/wp-content\/uploads\/2026\/02\/20d878558171718a560fe5d0eee6dbdb08b78ac2-1024x685.jpg 1024w, https:\/\/www.karitur.com\/wp-content\/uploads\/2026\/02\/20d878558171718a560fe5d0eee6dbdb08b78ac2-768x514.jpg 768w, https:\/\/www.karitur.com\/wp-content\/uploads\/2026\/02\/20d878558171718a560fe5d0eee6dbdb08b78ac2-18x12.jpg 18w\" sizes=\"auto, (max-width: 1440px) 100vw, 1440px\" \/><\/figure>\n<\/div>\n\n\n\n<div class=\"wp-block-column is-layout-flow wp-block-column-is-layout-flow\">\n<figure class=\"wp-block-image is-style-ext-preset-image-natural-1-image-1--content-bottom is-style-ext-preset--image--natural-1--image-1--content-bottom is-style-ext-preset--image--natural-1--image-1--content-bottom--8\"><img loading=\"lazy\" decoding=\"async\" width=\"1440\" height=\"1440\" class=\"wp-image-80\" src=\"https:\/\/www.karitur.com\/wp-content\/uploads\/2026\/02\/9f429e6c9f1c698179407f67e2daa2d3677b945b.jpg\" alt=\"\" style=\"aspect-ratio:3\/4;object-fit:cover\" srcset=\"https:\/\/www.karitur.com\/wp-content\/uploads\/2026\/02\/9f429e6c9f1c698179407f67e2daa2d3677b945b.jpg 1440w, https:\/\/www.karitur.com\/wp-content\/uploads\/2026\/02\/9f429e6c9f1c698179407f67e2daa2d3677b945b-300x300.jpg 300w, https:\/\/www.karitur.com\/wp-content\/uploads\/2026\/02\/9f429e6c9f1c698179407f67e2daa2d3677b945b-1024x1024.jpg 1024w, https:\/\/www.karitur.com\/wp-content\/uploads\/2026\/02\/9f429e6c9f1c698179407f67e2daa2d3677b945b-150x150.jpg 150w, https:\/\/www.karitur.com\/wp-content\/uploads\/2026\/02\/9f429e6c9f1c698179407f67e2daa2d3677b945b-768x768.jpg 768w, https:\/\/www.karitur.com\/wp-content\/uploads\/2026\/02\/9f429e6c9f1c698179407f67e2daa2d3677b945b-12x12.jpg 12w\" sizes=\"auto, (max-width: 1440px) 100vw, 1440px\" \/><\/figure>\n<\/div>\n\n\n\n<div class=\"wp-block-column is-layout-flow wp-block-column-is-layout-flow\">\n<figure class=\"wp-block-image is-style-ext-preset-image-natural-1-image-1--content-bottom is-style-ext-preset--image--natural-1--image-1--content-bottom is-style-ext-preset--image--natural-1--image-1--content-bottom--9\"><img loading=\"lazy\" decoding=\"async\" width=\"1440\" height=\"1080\" class=\"wp-image-81\" src=\"https:\/\/www.karitur.com\/wp-content\/uploads\/2026\/02\/b79f5f8d74dd161d6fba6066aad4e4fc06a4807f.jpg\" alt=\"\" style=\"aspect-ratio:3\/4;object-fit:cover\" srcset=\"https:\/\/www.karitur.com\/wp-content\/uploads\/2026\/02\/b79f5f8d74dd161d6fba6066aad4e4fc06a4807f.jpg 1440w, https:\/\/www.karitur.com\/wp-content\/uploads\/2026\/02\/b79f5f8d74dd161d6fba6066aad4e4fc06a4807f-300x225.jpg 300w, https:\/\/www.karitur.com\/wp-content\/uploads\/2026\/02\/b79f5f8d74dd161d6fba6066aad4e4fc06a4807f-1024x768.jpg 1024w, https:\/\/www.karitur.com\/wp-content\/uploads\/2026\/02\/b79f5f8d74dd161d6fba6066aad4e4fc06a4807f-768x576.jpg 768w, https:\/\/www.karitur.com\/wp-content\/uploads\/2026\/02\/b79f5f8d74dd161d6fba6066aad4e4fc06a4807f-16x12.jpg 16w\" sizes=\"auto, (max-width: 1440px) 100vw, 1440px\" \/><\/figure>\n<\/div>\n<\/div>\n<\/div>\n\n<div class=\"wp-block-group alignfull is-style-ext-preset--group--natural-1--section has-background-background-color has-background has-global-padding is-layout-constrained wp-container-core-group-is-layout-e955bbaf wp-block-group-is-layout-constrained\" style=\"margin-top:0;margin-bottom:0;padding-top:var(--wp--preset--spacing--70);padding-bottom:var(--wp--preset--spacing--70)\">\n<div class=\"wp-block-group alignwide is-vertical is-layout-flex wp-container-core-group-is-layout-c35747d5 wp-block-group-is-layout-flex\">\n<div class=\"wp-block-group has-global-padding is-layout-constrained wp-container-core-group-is-layout-5e05634a wp-block-group-is-layout-constrained\">\n<h2 class=\"wp-block-heading\">Nezabudnute\u013en\u00e9 dobrodru\u017estv\u00e1 a experimenty z na\u0161ich exped\u00edci\u00ed.<\/h2>\n\n\n\n<p>Prejdite si na\u0161u gal\u00e9riu krok za krokom a objavte fascinuj\u00face momenty z ciest a vedeck\u00fdch pokusov.<\/p>\n<\/div>\n<\/div>\n\n\n\n<div class=\"wp-block-media-text alignwide has-media-on-the-right is-stacked-on-mobile is-image-fill-element is-style-ext-preset--media-text--natural-1--card-1 is-style-ext-preset--media-text--natural-1--card-1--11\"><div class=\"wp-block-media-text__content\">\n<div class=\"wp-block-group alignwide is-vertical is-layout-flex wp-container-core-group-is-layout-53474e87 wp-block-group-is-layout-flex\" style=\"padding-top:var(--wp--preset--spacing--60);padding-bottom:var(--wp--preset--spacing--60)\">\n<div class=\"wp-block-group has-global-padding is-layout-constrained wp-container-core-group-is-layout-812d5580 wp-block-group-is-layout-constrained\" style=\"padding-top:0;padding-right:0;padding-bottom:0;padding-left:0\">\n<h3 class=\"wp-block-heading\">Ako Karitur sp\u00e1ja cestovanie s fyzikou a objavovan\u00edm sveta.<\/h3>\n\n\n\n<p>Uk\u00e1\u017eeme v\u00e1m, ako na\u0161e exped\u00edcie prin\u00e1\u0161aj\u00fa jedine\u010dn\u00e9 poznatky o pr\u00edrodn\u00fdch z\u00e1konoch a miestnych kult\u00farach.<\/p>\n<\/div>\n<\/div>\n<\/div><figure class=\"wp-block-media-text__media\"><img loading=\"lazy\" decoding=\"async\" width=\"1280\" height=\"1920\" class=\"wp-image-73 size-full\" src=\"https:\/\/www.karitur.com\/wp-content\/uploads\/2026\/02\/cc2297ed0d976c37cbd460dfe1eedc430439fd68.jpg\" alt=\"\" style=\"object-position:50% 50%\" srcset=\"https:\/\/www.karitur.com\/wp-content\/uploads\/2026\/02\/cc2297ed0d976c37cbd460dfe1eedc430439fd68.jpg 1280w, https:\/\/www.karitur.com\/wp-content\/uploads\/2026\/02\/cc2297ed0d976c37cbd460dfe1eedc430439fd68-200x300.jpg 200w, https:\/\/www.karitur.com\/wp-content\/uploads\/2026\/02\/cc2297ed0d976c37cbd460dfe1eedc430439fd68-683x1024.jpg 683w, https:\/\/www.karitur.com\/wp-content\/uploads\/2026\/02\/cc2297ed0d976c37cbd460dfe1eedc430439fd68-768x1152.jpg 768w, https:\/\/www.karitur.com\/wp-content\/uploads\/2026\/02\/cc2297ed0d976c37cbd460dfe1eedc430439fd68-1024x1536.jpg 1024w, https:\/\/www.karitur.com\/wp-content\/uploads\/2026\/02\/cc2297ed0d976c37cbd460dfe1eedc430439fd68-8x12.jpg 8w\" sizes=\"auto, (max-width: 1280px) 100vw, 1280px\" \/><\/figure><\/div>\n\n\n\n<div class=\"wp-block-media-text alignwide is-stacked-on-mobile is-image-fill-element is-style-ext-preset--media-text--natural-1--card-1 is-style-ext-preset--media-text--natural-1--card-1--12\" style=\"margin-top:var(--wp--preset--spacing--40)\"><figure class=\"wp-block-media-text__media\"><img loading=\"lazy\" decoding=\"async\" width=\"1280\" height=\"1920\" class=\"wp-image-72 size-full\" src=\"https:\/\/www.karitur.com\/wp-content\/uploads\/2026\/02\/36a54e0622f55fe74c283ea0fec349967e420444.jpg\" alt=\"\" style=\"object-position:50% 50%\" srcset=\"https:\/\/www.karitur.com\/wp-content\/uploads\/2026\/02\/36a54e0622f55fe74c283ea0fec349967e420444.jpg 1280w, https:\/\/www.karitur.com\/wp-content\/uploads\/2026\/02\/36a54e0622f55fe74c283ea0fec349967e420444-200x300.jpg 200w, https:\/\/www.karitur.com\/wp-content\/uploads\/2026\/02\/36a54e0622f55fe74c283ea0fec349967e420444-683x1024.jpg 683w, https:\/\/www.karitur.com\/wp-content\/uploads\/2026\/02\/36a54e0622f55fe74c283ea0fec349967e420444-768x1152.jpg 768w, https:\/\/www.karitur.com\/wp-content\/uploads\/2026\/02\/36a54e0622f55fe74c283ea0fec349967e420444-1024x1536.jpg 1024w, https:\/\/www.karitur.com\/wp-content\/uploads\/2026\/02\/36a54e0622f55fe74c283ea0fec349967e420444-8x12.jpg 8w\" sizes=\"auto, (max-width: 1280px) 100vw, 1280px\" \/><\/figure><div class=\"wp-block-media-text__content\">\n<div class=\"wp-block-group alignwide is-vertical is-layout-flex wp-container-core-group-is-layout-53474e87 wp-block-group-is-layout-flex\" style=\"padding-top:var(--wp--preset--spacing--60);padding-bottom:var(--wp--preset--spacing--60)\">\n<div class=\"wp-block-group has-global-padding is-layout-constrained wp-container-core-group-is-layout-812d5580 wp-block-group-is-layout-constrained\" style=\"padding-top:0;padding-right:0;padding-bottom:0;padding-left:0\">\n<h3 class=\"wp-block-heading\">In\u0161pirat\u00edvne pr\u00edbehy z ciest pln\u00fdch poznania a vedeck\u00fdch objavov.<\/h3>\n\n\n\n<p>Zistite, ako sme prekonali v\u00fdzvy na ceste od p\u00f3lu k p\u00f3lu a priniesli nov\u00e9 poznatky do sveta fyziky.<\/p>\n<\/div>\n<\/div>\n<\/div><\/div>\n\n\n\n<div class=\"wp-block-media-text alignwide has-media-on-the-right is-stacked-on-mobile is-image-fill-element is-style-ext-preset--media-text--natural-1--card-1 is-style-ext-preset--media-text--natural-1--card-1--13\" style=\"margin-top:var(--wp--preset--spacing--40)\"><div class=\"wp-block-media-text__content\">\n<div class=\"wp-block-group alignwide is-vertical is-layout-flex wp-container-core-group-is-layout-53474e87 wp-block-group-is-layout-flex\" style=\"padding-top:var(--wp--preset--spacing--60);padding-bottom:var(--wp--preset--spacing--60)\">\n<div class=\"wp-block-group has-global-padding is-layout-constrained wp-container-core-group-is-layout-812d5580 wp-block-group-is-layout-constrained\" style=\"padding-top:0;padding-right:0;padding-bottom:0;padding-left:0\">\n<h3 class=\"wp-block-heading\">Preme\u0148te svoju zvedavos\u0165 na dobrodru\u017estvo pln\u00e9 vzru\u0161enia a vzdel\u00e1vania.<\/h3>\n\n\n\n<p>Na\u0161a gal\u00e9ria dokumentuje, ako sa vedeck\u00e9 experimenty stret\u00e1vaj\u00fa s kr\u00e1sou pr\u00edrody a kult\u00fary na r\u00f4znych miestach sveta.<\/p>\n<\/div>\n<\/div>\n<\/div><figure class=\"wp-block-media-text__media\"><img loading=\"lazy\" decoding=\"async\" width=\"1280\" height=\"1828\" class=\"wp-image-71 size-full\" src=\"https:\/\/www.karitur.com\/wp-content\/uploads\/2026\/02\/2b783ce0fcce64ff67550eff598174e761599f21.jpg\" alt=\"\" style=\"object-position:50% 50%\" srcset=\"https:\/\/www.karitur.com\/wp-content\/uploads\/2026\/02\/2b783ce0fcce64ff67550eff598174e761599f21.jpg 1280w, https:\/\/www.karitur.com\/wp-content\/uploads\/2026\/02\/2b783ce0fcce64ff67550eff598174e761599f21-210x300.jpg 210w, https:\/\/www.karitur.com\/wp-content\/uploads\/2026\/02\/2b783ce0fcce64ff67550eff598174e761599f21-717x1024.jpg 717w, https:\/\/www.karitur.com\/wp-content\/uploads\/2026\/02\/2b783ce0fcce64ff67550eff598174e761599f21-768x1097.jpg 768w, https:\/\/www.karitur.com\/wp-content\/uploads\/2026\/02\/2b783ce0fcce64ff67550eff598174e761599f21-1076x1536.jpg 1076w, https:\/\/www.karitur.com\/wp-content\/uploads\/2026\/02\/2b783ce0fcce64ff67550eff598174e761599f21-8x12.jpg 8w\" sizes=\"auto, (max-width: 1280px) 100vw, 1280px\" \/><\/figure><\/div>\n\n\n\n<div class=\"wp-block-buttons is-content-justification-center is-layout-flex wp-container-core-buttons-is-layout-a89b3969 wp-block-buttons-is-layout-flex\">\n<div class=\"wp-block-button is-style-ext-preset--button--natural-1--button-1 is-style-ext-preset--button--natural-1--button-1--14\"><a class=\"wp-block-button__link wp-element-button\" href=\"https:\/\/www.karitur.com\/hu\/o-nas\/\">Pozrite si viac z\u00e1berov<\/a><\/div>\n<\/div>\n<\/div>","protected":false},"excerpt":{"rendered":"<p>Na\u0161e exped\u00edcie zachyten\u00e9 objekt\u00edvom Gal\u00e9ria pln\u00e1 jedine\u010dn\u00fdch momentiek z na\u0161ich vedeck\u00fdch v\u00fdprav a kult\u00farnych objavov. Gal\u00e9ria z\u00e1\u017eitkov z vedeck\u00fdch exped\u00edci\u00ed Objavte unik\u00e1tne momenty a pr\u00edbehy z na\u0161ich ciest, kde sa sp\u00e1ja veda, objavovanie a kult\u00farne dedi\u010dstvo. Nezabudnute\u013en\u00e9 dobrodru\u017estv\u00e1 a experimenty z na\u0161ich exped\u00edci\u00ed. Prejdite si na\u0161u gal\u00e9riu krok za krokom a objavte fascinuj\u00face momenty z [&hellip;]<\/p>\n","protected":false},"author":1,"featured_media":0,"parent":0,"menu_order":0,"comment_status":"closed","ping_status":"closed","template":"page-with-title","meta":{"_monsterinsights_skip_tracking":false,"_monsterinsights_sitenote_active":false,"_monsterinsights_sitenote_note":"","_monsterinsights_sitenote_category":0,"footnotes":""},"class_list":["post-38","page","type-page","status-publish","hentry"],"aioseo_notices":[],"_links":{"self":[{"href":"https:\/\/www.karitur.com\/hu\/wp-json\/wp\/v2\/pages\/38","targetHints":{"allow":["GET"]}}],"collection":[{"href":"https:\/\/www.karitur.com\/hu\/wp-json\/wp\/v2\/pages"}],"about":[{"href":"https:\/\/www.karitur.com\/hu\/wp-json\/wp\/v2\/types\/page"}],"author":[{"embeddable":true,"href":"https:\/\/www.karitur.com\/hu\/wp-json\/wp\/v2\/users\/1"}],"replies":[{"embeddable":true,"href":"https:\/\/www.karitur.com\/hu\/wp-json\/wp\/v2\/comments?post=38"}],"version-history":[{"count":2,"href":"https:\/\/www.karitur.com\/hu\/wp-json\/wp\/v2\/pages\/38\/revisions"}],"predecessor-version":[{"id":82,"href":"https:\/\/www.karitur.com\/hu\/wp-json\/wp\/v2\/pages\/38\/revisions\/82"}],"wp:attachment":[{"href":"https:\/\/www.karitur.com\/hu\/wp-json\/wp\/v2\/media?parent=38"}],"curies":[{"name":"wp","href":"https:\/\/api.w.org\/{rel}","templated":true}]}}