{"id":37,"date":"2026-02-14T08:47:05","date_gmt":"2026-02-14T07:47:05","guid":{"rendered":"https:\/\/www.karitur.com\/kontakt\/"},"modified":"2026-02-17T20:01:00","modified_gmt":"2026-02-17T19:01:00","slug":"kontakt","status":"publish","type":"page","link":"https:\/\/www.karitur.com\/hu\/kontakt\/","title":{"rendered":"Kapcsolat"},"content":{"rendered":"<div class=\"wp-block-group alignfull is-style-ext-preset--group--natural-1--section has-background-background-color has-background has-global-padding is-layout-constrained wp-block-group-is-layout-constrained\" id=\"kontakt\" style=\"margin-top:0;margin-bottom:0;padding-top:var(--wp--preset--spacing--70);padding-bottom:var(--wp--preset--spacing--70)\">\n<div class=\"wp-block-media-text alignwide is-stacked-on-mobile is-image-fill-element is-style-ext-preset--media-text--natural-1--card-1 has-tertiary-background-color has-background is-style-ext-preset--media-text--natural-1--card-1--2\" style=\"grid-template-columns:40% auto\"><figure class=\"wp-block-media-text__media\"><img loading=\"lazy\" decoding=\"async\" width=\"1248\" height=\"832\" src=\"https:\/\/www.karitur.com\/wp-content\/uploads\/2026\/02\/2026-02-17-18-56-10-6b0075e8-27f1-4e29-919e-dbac88f88228.png\" alt=\"\" class=\"wp-image-126 size-full\" style=\"object-position:50% 50%\" srcset=\"https:\/\/www.karitur.com\/wp-content\/uploads\/2026\/02\/2026-02-17-18-56-10-6b0075e8-27f1-4e29-919e-dbac88f88228.png 1248w, https:\/\/www.karitur.com\/wp-content\/uploads\/2026\/02\/2026-02-17-18-56-10-6b0075e8-27f1-4e29-919e-dbac88f88228-300x200.png 300w, https:\/\/www.karitur.com\/wp-content\/uploads\/2026\/02\/2026-02-17-18-56-10-6b0075e8-27f1-4e29-919e-dbac88f88228-1024x683.png 1024w, https:\/\/www.karitur.com\/wp-content\/uploads\/2026\/02\/2026-02-17-18-56-10-6b0075e8-27f1-4e29-919e-dbac88f88228-768x512.png 768w, https:\/\/www.karitur.com\/wp-content\/uploads\/2026\/02\/2026-02-17-18-56-10-6b0075e8-27f1-4e29-919e-dbac88f88228-18x12.png 18w\" sizes=\"auto, (max-width: 1248px) 100vw, 1248px\" \/><\/figure><div class=\"wp-block-media-text__content\">\n<p class=\"has-text-align-center\">Ak chces cestovat do sveta, ozvy. Mo\u017eno neide\u0161 s\u00e1m na dobrodru\u017estvo. <\/p>\n\n\n\n<p class=\"has-text-align-center\">mail: kari @ karitur.com<\/p>\n<\/div><\/div>\n<\/div>","protected":false},"excerpt":{"rendered":"<p>Ak chces cestovat do sveta, ozvy. Mo\u017eno neide\u0161 s\u00e1m na dobrodru\u017estvo. mail: kari @ karitur.com<\/p>","protected":false},"author":1,"featured_media":0,"parent":0,"menu_order":0,"comment_status":"closed","ping_status":"closed","template":"page-with-title","meta":{"_monsterinsights_skip_tracking":false,"_monsterinsights_sitenote_active":false,"_monsterinsights_sitenote_note":"","_monsterinsights_sitenote_category":0,"footnotes":""},"class_list":["post-37","page","type-page","status-publish","hentry"],"aioseo_notices":[],"_links":{"self":[{"href":"https:\/\/www.karitur.com\/hu\/wp-json\/wp\/v2\/pages\/37","targetHints":{"allow":["GET"]}}],"collection":[{"href":"https:\/\/www.karitur.com\/hu\/wp-json\/wp\/v2\/pages"}],"about":[{"href":"https:\/\/www.karitur.com\/hu\/wp-json\/wp\/v2\/types\/page"}],"author":[{"embeddable":true,"href":"https:\/\/www.karitur.com\/hu\/wp-json\/wp\/v2\/users\/1"}],"replies":[{"embeddable":true,"href":"https:\/\/www.karitur.com\/hu\/wp-json\/wp\/v2\/comments?post=37"}],"version-history":[{"count":4,"href":"https:\/\/www.karitur.com\/hu\/wp-json\/wp\/v2\/pages\/37\/revisions"}],"predecessor-version":[{"id":129,"href":"https:\/\/www.karitur.com\/hu\/wp-json\/wp\/v2\/pages\/37\/revisions\/129"}],"wp:attachment":[{"href":"https:\/\/www.karitur.com\/hu\/wp-json\/wp\/v2\/media?parent=37"}],"curies":[{"name":"wp","href":"https:\/\/api.w.org\/{rel}","templated":true}]}}