{"id":36,"date":"2026-02-14T08:47:04","date_gmt":"2026-02-14T07:47:04","guid":{"rendered":"https:\/\/www.karitur.com\/o-nas\/"},"modified":"2026-02-17T20:05:45","modified_gmt":"2026-02-17T19:05:45","slug":"o-nas","status":"publish","type":"page","link":"https:\/\/www.karitur.com\/hu\/o-nas\/","title":{"rendered":"R\u00f3lunk"},"content":{"rendered":"<div class=\"wp-block-group alignfull is-style-ext-preset--group--natural-1--section has-background-background-color has-background has-global-padding is-layout-constrained wp-block-group-is-layout-constrained\" id=\"o-nas\" style=\"margin-top:0;margin-bottom:0;padding-top:var(--wp--preset--spacing--70);padding-bottom:var(--wp--preset--spacing--70)\">\n<div class=\"wp-block-columns alignwide are-vertically-aligned-center is-layout-flex wp-container-core-columns-is-layout-174606dc wp-block-columns-is-layout-flex\">\n<div class=\"wp-block-column is-vertically-aligned-center is-layout-flow wp-block-column-is-layout-flow\">\n<figure class=\"wp-block-image is-style-ext-preset--image--natural-1--image-1--content-right is-style-ext-preset--image--natural-1--image-1--content-right--2\"><img loading=\"lazy\" decoding=\"async\" width=\"1440\" height=\"960\" class=\"wp-image-69\" src=\"https:\/\/www.karitur.com\/wp-content\/uploads\/2026\/02\/20bac9ae0e680ebe42f38dff8bfec3746501d07d.jpg\" alt=\"\" style=\"aspect-ratio:1;object-fit:cover\" srcset=\"https:\/\/www.karitur.com\/wp-content\/uploads\/2026\/02\/20bac9ae0e680ebe42f38dff8bfec3746501d07d.jpg 1440w, https:\/\/www.karitur.com\/wp-content\/uploads\/2026\/02\/20bac9ae0e680ebe42f38dff8bfec3746501d07d-300x200.jpg 300w, https:\/\/www.karitur.com\/wp-content\/uploads\/2026\/02\/20bac9ae0e680ebe42f38dff8bfec3746501d07d-1024x683.jpg 1024w, https:\/\/www.karitur.com\/wp-content\/uploads\/2026\/02\/20bac9ae0e680ebe42f38dff8bfec3746501d07d-768x512.jpg 768w, https:\/\/www.karitur.com\/wp-content\/uploads\/2026\/02\/20bac9ae0e680ebe42f38dff8bfec3746501d07d-18x12.jpg 18w\" sizes=\"auto, (max-width: 1440px) 100vw, 1440px\" \/><\/figure>\n<\/div>\n\n\n\n<div class=\"wp-block-column is-vertically-aligned-center is-layout-flow wp-block-column-is-layout-flow\">\n<div class=\"wp-block-group alignwide is-vertical is-layout-flex wp-container-core-group-is-layout-c35747d5 wp-block-group-is-layout-flex\">\n<div class=\"wp-block-group has-global-padding is-layout-constrained wp-container-core-group-is-layout-dd32767c wp-block-group-is-layout-constrained\">\n<h2 class=\"wp-block-heading\">Karitur: Spojenie dobrodru\u017estva a vedeck\u00e9ho objavovania<\/h2>\n\n\n\n<p>Karitur je jedine\u010dn\u00fd projekt, ktor\u00fd sp\u00e1ja v\u00e1\u0161e\u0148 pre cestovanie s fascinuj\u00facim svetom fyziky. Na\u0161e exped\u00edcie od Arkt\u00eddy po Antarkt\u00eddu prin\u00e1\u0161aj\u00fa praktick\u00e9 experimenty a in\u0161piruj\u00face pr\u00edbehy miestnych kult\u00far, \u010d\u00edm otv\u00e1rame dvere k hlb\u0161iemu poznaniu pr\u00edrody a \u013eudstva.<\/p>\n<\/div>\n<\/div>\n<\/div>\n<\/div>\n<\/div>\n\n<div class=\"wp-block-group alignfull is-style-ext-preset--group--natural-1--section has-tertiary-background-color has-background has-global-padding is-layout-constrained wp-container-core-group-is-layout-e955bbaf wp-block-group-is-layout-constrained\" style=\"margin-top:0;margin-bottom:0;padding-top:var(--wp--preset--spacing--70);padding-bottom:var(--wp--preset--spacing--70)\">\n<div class=\"wp-block-group alignwide is-vertical is-layout-flex wp-container-core-group-is-layout-c35747d5 wp-block-group-is-layout-flex\">\n<div class=\"wp-block-group has-global-padding is-layout-constrained wp-container-core-group-is-layout-5e05634a wp-block-group-is-layout-constrained\">\n<h2 class=\"wp-block-heading\">Karitur: Vedeck\u00e9 exped\u00edcie a objavy<\/h2>\n\n\n\n<p class=\"has-text-align-left\">Presk\u00famavame fascinuj\u00face fakty a pr\u00edbehy sp\u00e1jaj\u00face vedu a kult\u00faru na na\u0161ich cest\u00e1ch.<\/p>\n<\/div>\n<\/div>\n\n\n\n<div class=\"wp-block-columns alignwide is-layout-flex wp-container-core-columns-is-layout-174606dc wp-block-columns-is-layout-flex\">\n<div class=\"wp-block-column is-vertically-aligned-center is-layout-flow wp-block-column-is-layout-flow\">\n<div class=\"wp-block-columns is-layout-flex wp-container-core-columns-is-layout-28f84493 wp-block-columns-is-layout-flex\">\n<div class=\"wp-block-column is-vertically-aligned-stretch is-layout-flow wp-block-column-is-layout-flow\">\n<div class=\"wp-block-group is-style-ext-preset--group--natural-1--item-card-1--align-start has-global-padding is-layout-constrained wp-block-group-is-layout-constrained is-style-ext-preset--group--natural-1--item-card-1--align-start--4\">\n<div class=\"wp-block-group is-style-default has-global-padding is-layout-constrained wp-block-group-is-layout-constrained\">\n<h3 class=\"wp-block-heading has-primary-color has-text-color has-link-color has-x-large-font-size wp-elements-ed208d4b46abff8fc64b54a8eb962f30\">125<\/h3>\n\n\n\n<h3 class=\"wp-block-heading\">Exped\u00edcie po celom svete<\/h3>\n\n\n\n<p>Uskuto\u010d\u0148ujeme fyzik\u00e1lne experimenty v extr\u00e9mnych podmienkach, ktor\u00e9 odha\u013euj\u00fa pr\u00edrodn\u00e9 z\u00e1kony.<\/p>\n<\/div>\n<\/div>\n<\/div>\n\n\n\n<div class=\"wp-block-column is-vertically-aligned-stretch is-layout-flow wp-block-column-is-layout-flow\">\n<div class=\"wp-block-group is-style-ext-preset--group--natural-1--item-card-1--align-start has-global-padding is-layout-constrained wp-block-group-is-layout-constrained is-style-ext-preset--group--natural-1--item-card-1--align-start--5\">\n<div class=\"wp-block-group is-style-default has-global-padding is-layout-constrained wp-block-group-is-layout-constrained\">\n<h3 class=\"wp-block-heading has-primary-color has-text-color has-link-color has-x-large-font-size wp-elements-3d16868c00354a8ecf18d5ec1cb3507d\">200<\/h3>\n\n\n\n<h3 class=\"wp-block-heading\">Vzdel\u00e1vacie materi\u00e1ly<\/h3>\n\n\n\n<p>Pon\u00fakame in\u0161pirat\u00edvne pr\u00edbehy a vedeck\u00e9 vysvetlenia pre lep\u0161ie pochopenie sveta.<\/p>\n<\/div>\n<\/div>\n<\/div>\n<\/div>\n\n\n\n<div class=\"wp-block-columns is-layout-flex wp-container-core-columns-is-layout-28f84493 wp-block-columns-is-layout-flex\">\n<div class=\"wp-block-column is-vertically-aligned-stretch is-layout-flow wp-block-column-is-layout-flow\">\n<div class=\"wp-block-group is-style-ext-preset--group--natural-1--item-card-1--align-start has-global-padding is-layout-constrained wp-block-group-is-layout-constrained is-style-ext-preset--group--natural-1--item-card-1--align-start--6\">\n<div class=\"wp-block-group is-style-default has-global-padding is-layout-constrained wp-block-group-is-layout-constrained\">\n<h3 class=\"wp-block-heading has-primary-color has-text-color has-link-color has-x-large-font-size wp-elements-c333af745e4c7365709752fb5a06e79c\">300<\/h3>\n\n\n\n<h3 class=\"wp-block-heading\">Glob\u00e1lna komunita<\/h3>\n\n\n\n<p>Spoznajte \u013eud\u00ed z r\u00f4znych kult\u00far a zdie\u013eajte s nami v\u00e1\u0161e\u0148 pre poznanie a dobrodru\u017estvo.<\/p>\n<\/div>\n<\/div>\n<\/div>\n\n\n\n<div class=\"wp-block-column is-vertically-aligned-stretch is-layout-flow wp-block-column-is-layout-flow\">\n<div class=\"wp-block-group is-style-ext-preset--group--natural-1--item-card-1--align-start has-global-padding is-layout-constrained wp-block-group-is-layout-constrained is-style-ext-preset--group--natural-1--item-card-1--align-start--7\">\n<div class=\"wp-block-group is-style-default has-global-padding is-layout-constrained wp-block-group-is-layout-constrained\">\n<h3 class=\"wp-block-heading has-primary-color has-text-color has-link-color has-x-large-font-size wp-elements-7b2b4cb2886bfa37e7236a58a30c8497\">400<\/h3>\n\n\n\n<h3 class=\"wp-block-heading\">Unik\u00e1tne z\u00e1bery<\/h3>\n\n\n\n<p>Zachyt\u00e1vame neopakovate\u013en\u00e9 momenty z exped\u00edci\u00ed, ktor\u00e9 prin\u00e1\u0161aj\u00fa vedeck\u00fa zvedavos\u0165 k v\u00e1m domov.<\/p>\n<\/div>\n<\/div>\n<\/div>\n<\/div>\n<\/div>\n\n\n\n<div class=\"wp-block-column is-vertically-aligned-stretch is-layout-flow wp-container-core-column-is-layout-119bc444 wp-block-column-is-layout-flow\">\n<div class=\"wp-block-cover is-style-ext-preset--image--natural-1--image-1--content-bottom is-style-ext-preset--image--natural-1--image-1--content-bottom--8\" style=\"padding-top:0;padding-bottom:0;min-height:100%;aspect-ratio:unset;\"><img loading=\"lazy\" decoding=\"async\" width=\"1440\" height=\"1138\" class=\"wp-block-cover__image-background wp-image-70\" alt=\"\" src=\"https:\/\/www.karitur.com\/wp-content\/uploads\/2026\/02\/8211aa1fcddea242e8f5794d588f970d284af955.jpg\" data-object-fit=\"cover\" srcset=\"https:\/\/www.karitur.com\/wp-content\/uploads\/2026\/02\/8211aa1fcddea242e8f5794d588f970d284af955.jpg 1440w, https:\/\/www.karitur.com\/wp-content\/uploads\/2026\/02\/8211aa1fcddea242e8f5794d588f970d284af955-300x237.jpg 300w, https:\/\/www.karitur.com\/wp-content\/uploads\/2026\/02\/8211aa1fcddea242e8f5794d588f970d284af955-1024x809.jpg 1024w, https:\/\/www.karitur.com\/wp-content\/uploads\/2026\/02\/8211aa1fcddea242e8f5794d588f970d284af955-768x607.jpg 768w, https:\/\/www.karitur.com\/wp-content\/uploads\/2026\/02\/8211aa1fcddea242e8f5794d588f970d284af955-15x12.jpg 15w\" sizes=\"auto, (max-width: 1440px) 100vw, 1440px\" \/><span aria-hidden=\"true\" class=\"wp-block-cover__background has-background-dim-0 has-background-dim\"><\/span><div class=\"wp-block-cover__inner-container is-layout-flow wp-block-cover-is-layout-flow\">\n<div style=\"height:240px\" aria-hidden=\"true\" class=\"wp-block-spacer\"><\/div>\n<\/div><\/div>\n<\/div>\n<\/div>\n<\/div>\n\n<div class=\"wp-block-group alignfull is-style-ext-preset--group--natural-1--section has-background-background-color has-background has-global-padding is-layout-constrained wp-container-core-group-is-layout-e955bbaf wp-block-group-is-layout-constrained\" style=\"margin-top:0;margin-bottom:0;padding-top:var(--wp--preset--spacing--70);padding-bottom:var(--wp--preset--spacing--70)\">\n<div class=\"wp-block-group alignwide is-vertical is-content-justification-center is-layout-flex wp-container-core-group-is-layout-c9ee0c5a wp-block-group-is-layout-flex\">\n<div class=\"wp-block-group has-global-padding is-layout-constrained wp-container-core-group-is-layout-5e05634a wp-block-group-is-layout-constrained\">\n<h2 class=\"wp-block-heading has-text-align-center\">Karitur v\u00e1s zavedie na fascinuj\u00face exped\u00edcie pln\u00e9 vedeck\u00fdch objavov.<\/h2>\n\n\n\n<p class=\"has-text-align-center\">Na tejto str\u00e1nke sa dozviete, ako fyzik\u00e1lne experimenty o\u017e\u00edvaj\u00fa v r\u00f4znych k\u00fatoch sveta.<\/p>\n<\/div>\n<\/div>\n\n\n\n<div class=\"wp-block-columns alignwide are-vertically-aligned-center is-layout-flex wp-container-core-columns-is-layout-174606dc wp-block-columns-is-layout-flex\">\n<div class=\"wp-block-column is-vertically-aligned-center is-layout-flow wp-block-column-is-layout-flow\">\n<div class=\"wp-block-group alignwide is-vertical is-layout-flex wp-container-core-group-is-layout-c35747d5 wp-block-group-is-layout-flex\">\n<div class=\"wp-block-group has-global-padding is-layout-constrained wp-container-core-group-is-layout-dd32767c wp-block-group-is-layout-constrained\">\n<h3 class=\"wp-block-heading\">Objavte, ako sp\u00e1jame dobrodru\u017estvo s vedeckou zvedavos\u0165ou.<\/h3>\n\n\n\n<p>Na\u0161e exped\u00edcie ukazuj\u00fa, ako pr\u00edrodn\u00e9 z\u00e1kony funguj\u00fa v extr\u00e9mnych podmienkach a obohacuj\u00fa na\u0161e poznanie.<\/p>\n<\/div>\n<\/div>\n<\/div>\n\n\n\n<div class=\"wp-block-column is-vertically-aligned-center is-layout-flow wp-block-column-is-layout-flow\">\n<figure class=\"wp-block-image is-style-ext-preset--image--natural-1--image-1--content-left is-style-ext-preset--image--natural-1--image-1--content-left--10\"><img loading=\"lazy\" decoding=\"async\" width=\"1280\" height=\"1828\" class=\"wp-image-71\" src=\"https:\/\/www.karitur.com\/wp-content\/uploads\/2026\/02\/2b783ce0fcce64ff67550eff598174e761599f21.jpg\" alt=\"\" style=\"aspect-ratio:4\/3;object-fit:cover\" srcset=\"https:\/\/www.karitur.com\/wp-content\/uploads\/2026\/02\/2b783ce0fcce64ff67550eff598174e761599f21.jpg 1280w, https:\/\/www.karitur.com\/wp-content\/uploads\/2026\/02\/2b783ce0fcce64ff67550eff598174e761599f21-210x300.jpg 210w, https:\/\/www.karitur.com\/wp-content\/uploads\/2026\/02\/2b783ce0fcce64ff67550eff598174e761599f21-717x1024.jpg 717w, https:\/\/www.karitur.com\/wp-content\/uploads\/2026\/02\/2b783ce0fcce64ff67550eff598174e761599f21-768x1097.jpg 768w, https:\/\/www.karitur.com\/wp-content\/uploads\/2026\/02\/2b783ce0fcce64ff67550eff598174e761599f21-1076x1536.jpg 1076w, https:\/\/www.karitur.com\/wp-content\/uploads\/2026\/02\/2b783ce0fcce64ff67550eff598174e761599f21-8x12.jpg 8w\" sizes=\"auto, (max-width: 1280px) 100vw, 1280px\" \/><\/figure>\n<\/div>\n<\/div>\n\n\n\n<div class=\"wp-block-columns alignwide are-vertically-aligned-center is-layout-flex wp-container-core-columns-is-layout-ed161d23 wp-block-columns-is-layout-flex\" style=\"margin-top:var(--wp--preset--spacing--50)\">\n<div class=\"wp-block-column is-vertically-aligned-center is-layout-flow wp-block-column-is-layout-flow\">\n<figure class=\"wp-block-image is-style-ext-preset--image--natural-1--image-1--content-right is-style-ext-preset--image--natural-1--image-1--content-right--11\"><img loading=\"lazy\" decoding=\"async\" width=\"1280\" height=\"1920\" class=\"wp-image-72\" src=\"https:\/\/www.karitur.com\/wp-content\/uploads\/2026\/02\/36a54e0622f55fe74c283ea0fec349967e420444.jpg\" alt=\"\" style=\"aspect-ratio:4\/3;object-fit:cover\" srcset=\"https:\/\/www.karitur.com\/wp-content\/uploads\/2026\/02\/36a54e0622f55fe74c283ea0fec349967e420444.jpg 1280w, https:\/\/www.karitur.com\/wp-content\/uploads\/2026\/02\/36a54e0622f55fe74c283ea0fec349967e420444-200x300.jpg 200w, https:\/\/www.karitur.com\/wp-content\/uploads\/2026\/02\/36a54e0622f55fe74c283ea0fec349967e420444-683x1024.jpg 683w, https:\/\/www.karitur.com\/wp-content\/uploads\/2026\/02\/36a54e0622f55fe74c283ea0fec349967e420444-768x1152.jpg 768w, https:\/\/www.karitur.com\/wp-content\/uploads\/2026\/02\/36a54e0622f55fe74c283ea0fec349967e420444-1024x1536.jpg 1024w, https:\/\/www.karitur.com\/wp-content\/uploads\/2026\/02\/36a54e0622f55fe74c283ea0fec349967e420444-8x12.jpg 8w\" sizes=\"auto, (max-width: 1280px) 100vw, 1280px\" \/><\/figure>\n<\/div>\n\n\n\n<div class=\"wp-block-column is-vertically-aligned-center is-layout-flow wp-block-column-is-layout-flow\">\n<div class=\"wp-block-group alignwide is-vertical is-layout-flex wp-container-core-group-is-layout-c35747d5 wp-block-group-is-layout-flex\">\n<div class=\"wp-block-group has-global-padding is-layout-constrained wp-container-core-group-is-layout-dd32767c wp-block-group-is-layout-constrained\">\n<h3 class=\"wp-block-heading\">In\u0161pirat\u00edvne pr\u00edbehy \u013eud\u00ed a kult\u00far z cel\u00e9ho sveta.<\/h3>\n\n\n\n<p>Ponorte sa do report\u00e1\u017e\u00ed a unik\u00e1tnych z\u00e1berov, ktor\u00e9 prin\u00e1\u0161aj\u00fa vedeck\u00e9 dobrodru\u017estvo priamo k v\u00e1m.<\/p>\n<\/div>\n<\/div>\n<\/div>\n<\/div>\n\n\n\n<div class=\"wp-block-columns alignwide are-vertically-aligned-center is-layout-flex wp-container-core-columns-is-layout-ed161d23 wp-block-columns-is-layout-flex\" style=\"margin-top:var(--wp--preset--spacing--50)\">\n<div class=\"wp-block-column is-vertically-aligned-center is-layout-flow wp-block-column-is-layout-flow\">\n<div class=\"wp-block-group alignwide is-vertical is-layout-flex wp-container-core-group-is-layout-c35747d5 wp-block-group-is-layout-flex\">\n<div class=\"wp-block-group has-global-padding is-layout-constrained wp-container-core-group-is-layout-dd32767c wp-block-group-is-layout-constrained\">\n<h3 class=\"wp-block-heading\">Prepojenie v\u00e1\u0161ne pre cestovanie a fyziky, ktor\u00e9 v\u00e1s zaujme.<\/h3>\n\n\n\n<p>Sta\u0148te sa s\u00fa\u010das\u0165ou glob\u00e1lneho projektu, kde sa stret\u00e1va t\u00fa\u017eba po poznan\u00ed so skuto\u010dn\u00fdmi pr\u00edbehmi.<\/p>\n<\/div>\n<\/div>\n<\/div>\n\n\n\n<div class=\"wp-block-column is-vertically-aligned-center is-layout-flow wp-block-column-is-layout-flow\">\n<figure class=\"wp-block-image is-style-ext-preset--image--natural-1--image-1--content-left is-style-ext-preset--image--natural-1--image-1--content-left--12\"><img loading=\"lazy\" decoding=\"async\" width=\"1280\" height=\"1920\" class=\"wp-image-73\" src=\"https:\/\/www.karitur.com\/wp-content\/uploads\/2026\/02\/cc2297ed0d976c37cbd460dfe1eedc430439fd68.jpg\" alt=\"\" style=\"aspect-ratio:4\/3;object-fit:cover\" srcset=\"https:\/\/www.karitur.com\/wp-content\/uploads\/2026\/02\/cc2297ed0d976c37cbd460dfe1eedc430439fd68.jpg 1280w, https:\/\/www.karitur.com\/wp-content\/uploads\/2026\/02\/cc2297ed0d976c37cbd460dfe1eedc430439fd68-200x300.jpg 200w, https:\/\/www.karitur.com\/wp-content\/uploads\/2026\/02\/cc2297ed0d976c37cbd460dfe1eedc430439fd68-683x1024.jpg 683w, https:\/\/www.karitur.com\/wp-content\/uploads\/2026\/02\/cc2297ed0d976c37cbd460dfe1eedc430439fd68-768x1152.jpg 768w, https:\/\/www.karitur.com\/wp-content\/uploads\/2026\/02\/cc2297ed0d976c37cbd460dfe1eedc430439fd68-1024x1536.jpg 1024w, https:\/\/www.karitur.com\/wp-content\/uploads\/2026\/02\/cc2297ed0d976c37cbd460dfe1eedc430439fd68-8x12.jpg 8w\" sizes=\"auto, (max-width: 1280px) 100vw, 1280px\" \/><\/figure>\n<\/div>\n<\/div>\n\n\n\n<div class=\"wp-block-buttons is-content-justification-center is-layout-flex wp-container-core-buttons-is-layout-a89b3969 wp-block-buttons-is-layout-flex\">\n<div class=\"wp-block-button is-style-ext-preset--button--natural-1--button-1 is-style-ext-preset--button--natural-1--button-1--13\"><a class=\"wp-block-button__link wp-element-button\" href=\"https:\/\/www.karitur.com\/hu\/kontakt\/\">Viac o n\u00e1s<\/a><\/div>\n<\/div>\n<\/div>","protected":false},"excerpt":{"rendered":"<p>Karitur: Spojenie dobrodru\u017estva a vedeck\u00e9ho objavovania Karitur je jedine\u010dn\u00fd projekt, ktor\u00fd sp\u00e1ja v\u00e1\u0161e\u0148 pre cestovanie s fascinuj\u00facim svetom fyziky. Na\u0161e exped\u00edcie od Arkt\u00eddy po Antarkt\u00eddu prin\u00e1\u0161aj\u00fa praktick\u00e9 experimenty a in\u0161piruj\u00face pr\u00edbehy miestnych kult\u00far, \u010d\u00edm otv\u00e1rame dvere k hlb\u0161iemu poznaniu pr\u00edrody a \u013eudstva. Karitur: Vedeck\u00e9 exped\u00edcie a objavy Presk\u00famavame fascinuj\u00face fakty a pr\u00edbehy sp\u00e1jaj\u00face vedu a [&hellip;]<\/p>\n","protected":false},"author":1,"featured_media":0,"parent":0,"menu_order":0,"comment_status":"closed","ping_status":"closed","template":"page-with-title","meta":{"_monsterinsights_skip_tracking":false,"_monsterinsights_sitenote_active":false,"_monsterinsights_sitenote_note":"","_monsterinsights_sitenote_category":0,"footnotes":""},"class_list":["post-36","page","type-page","status-publish","hentry"],"aioseo_notices":[],"_links":{"self":[{"href":"https:\/\/www.karitur.com\/hu\/wp-json\/wp\/v2\/pages\/36","targetHints":{"allow":["GET"]}}],"collection":[{"href":"https:\/\/www.karitur.com\/hu\/wp-json\/wp\/v2\/pages"}],"about":[{"href":"https:\/\/www.karitur.com\/hu\/wp-json\/wp\/v2\/types\/page"}],"author":[{"embeddable":true,"href":"https:\/\/www.karitur.com\/hu\/wp-json\/wp\/v2\/users\/1"}],"replies":[{"embeddable":true,"href":"https:\/\/www.karitur.com\/hu\/wp-json\/wp\/v2\/comments?post=36"}],"version-history":[{"count":2,"href":"https:\/\/www.karitur.com\/hu\/wp-json\/wp\/v2\/pages\/36\/revisions"}],"predecessor-version":[{"id":74,"href":"https:\/\/www.karitur.com\/hu\/wp-json\/wp\/v2\/pages\/36\/revisions\/74"}],"wp:attachment":[{"href":"https:\/\/www.karitur.com\/hu\/wp-json\/wp\/v2\/media?parent=36"}],"curies":[{"name":"wp","href":"https:\/\/api.w.org\/{rel}","templated":true}]}}