{"id":107,"date":"2026-02-14T09:23:55","date_gmt":"2026-02-14T08:23:55","guid":{"rendered":"https:\/\/www.karitur.com\/?page_id=107"},"modified":"2026-02-14T10:32:55","modified_gmt":"2026-02-14T09:32:55","slug":"cestovne-experimenty","status":"publish","type":"page","link":"https:\/\/www.karitur.com\/hu\/cestovne-experimenty\/","title":{"rendered":"Cestovn\u00e9 Experimenty"},"content":{"rendered":"<div class=\"wp-block-group alignfull is-style-ext-preset--group--natural-1--section has-background-background-color has-background has-global-padding is-layout-constrained wp-container-core-group-is-layout-f72f1611 wp-block-group-is-layout-constrained\" style=\"margin-top:0;margin-bottom:0;padding-top:var(--wp--preset--spacing--70);padding-bottom:var(--wp--preset--spacing--70)\">\n<div class=\"wp-block-group alignwide is-vertical is-layout-flex wp-container-core-group-is-layout-c35747d5 wp-block-group-is-layout-flex\">\n<div class=\"wp-block-group has-global-padding is-layout-constrained wp-container-core-group-is-layout-5e05634a wp-block-group-is-layout-constrained\">\n<h2 class=\"wp-block-heading\">Objavte fascinuj\u00facu gal\u00e9riu na\u0161ich cestovate\u013esk\u00fdch experimentov.<\/h2>\n\n\n\n<p class=\"has-text-align-left\">T\u00e1to sekcia predstavuje v\u00fdber jedine\u010dn\u00fdch fotografi\u00ed, ktor\u00e9 zachyt\u00e1vaj\u00fa pr\u00edrodn\u00e9 kr\u00e1sy a vedeck\u00e9 objavy po\u010das exped\u00edci\u00ed.<\/p>\n<\/div>\n<\/div>\n\n\n\n<div class=\"wp-block-columns alignwide is-layout-flex wp-container-core-columns-is-layout-87beb0d0 wp-block-columns-is-layout-flex\">\n<div class=\"wp-block-column is-vertically-aligned-top is-layout-flow wp-container-core-column-is-layout-f5bb311e wp-block-column-is-layout-flow\">\n<figure class=\"wp-block-image is-style-ext-preset--image--natural-1--image-1--content-bottom is-style-ext-preset--image--natural-1--image-1--content-bottom--2\"><img loading=\"lazy\" decoding=\"async\" width=\"1440\" height=\"960\" class=\"wp-image-111\" src=\"https:\/\/www.karitur.com\/wp-content\/uploads\/2026\/02\/b356a63f5d9e69bc71e3506d100e769b1b7ee6a7.jpg\" alt=\"\" style=\"aspect-ratio:1;object-fit:cover\" srcset=\"https:\/\/www.karitur.com\/wp-content\/uploads\/2026\/02\/b356a63f5d9e69bc71e3506d100e769b1b7ee6a7.jpg 1440w, https:\/\/www.karitur.com\/wp-content\/uploads\/2026\/02\/b356a63f5d9e69bc71e3506d100e769b1b7ee6a7-300x200.jpg 300w, https:\/\/www.karitur.com\/wp-content\/uploads\/2026\/02\/b356a63f5d9e69bc71e3506d100e769b1b7ee6a7-1024x683.jpg 1024w, https:\/\/www.karitur.com\/wp-content\/uploads\/2026\/02\/b356a63f5d9e69bc71e3506d100e769b1b7ee6a7-768x512.jpg 768w, https:\/\/www.karitur.com\/wp-content\/uploads\/2026\/02\/b356a63f5d9e69bc71e3506d100e769b1b7ee6a7-18x12.jpg 18w\" sizes=\"auto, (max-width: 1440px) 100vw, 1440px\" \/><\/figure>\n\n\n\n<figure class=\"wp-block-image is-style-ext-preset--image--natural-1--image-1--content-right is-style-ext-preset--image--natural-1--image-1--content-right--3\"><img loading=\"lazy\" decoding=\"async\" width=\"957\" height=\"1440\" class=\"wp-image-112\" src=\"https:\/\/www.karitur.com\/wp-content\/uploads\/2026\/02\/9cc3b3334083ab9429bf52043b90cae82ef77136.jpg\" alt=\"\" style=\"aspect-ratio:4\/3;object-fit:cover\" srcset=\"https:\/\/www.karitur.com\/wp-content\/uploads\/2026\/02\/9cc3b3334083ab9429bf52043b90cae82ef77136.jpg 957w, https:\/\/www.karitur.com\/wp-content\/uploads\/2026\/02\/9cc3b3334083ab9429bf52043b90cae82ef77136-199x300.jpg 199w, https:\/\/www.karitur.com\/wp-content\/uploads\/2026\/02\/9cc3b3334083ab9429bf52043b90cae82ef77136-681x1024.jpg 681w, https:\/\/www.karitur.com\/wp-content\/uploads\/2026\/02\/9cc3b3334083ab9429bf52043b90cae82ef77136-768x1156.jpg 768w, https:\/\/www.karitur.com\/wp-content\/uploads\/2026\/02\/9cc3b3334083ab9429bf52043b90cae82ef77136-8x12.jpg 8w\" sizes=\"auto, (max-width: 957px) 100vw, 957px\" \/><\/figure>\n<\/div>\n\n\n\n<div class=\"wp-block-column is-vertically-aligned-top is-layout-flow wp-container-core-column-is-layout-f5bb311e wp-block-column-is-layout-flow\">\n<figure class=\"wp-block-image is-style-ext-preset--image--natural-1--image-1--content-left is-style-ext-preset--image--natural-1--image-1--content-left--4\"><img loading=\"lazy\" decoding=\"async\" width=\"1440\" height=\"960\" class=\"wp-image-113\" src=\"https:\/\/www.karitur.com\/wp-content\/uploads\/2026\/02\/70c6c83802dcba510d7af370ef16f221c8fb1b52.jpg\" alt=\"\" style=\"aspect-ratio:4\/3;object-fit:cover\" srcset=\"https:\/\/www.karitur.com\/wp-content\/uploads\/2026\/02\/70c6c83802dcba510d7af370ef16f221c8fb1b52.jpg 1440w, https:\/\/www.karitur.com\/wp-content\/uploads\/2026\/02\/70c6c83802dcba510d7af370ef16f221c8fb1b52-300x200.jpg 300w, https:\/\/www.karitur.com\/wp-content\/uploads\/2026\/02\/70c6c83802dcba510d7af370ef16f221c8fb1b52-1024x683.jpg 1024w, https:\/\/www.karitur.com\/wp-content\/uploads\/2026\/02\/70c6c83802dcba510d7af370ef16f221c8fb1b52-768x512.jpg 768w, https:\/\/www.karitur.com\/wp-content\/uploads\/2026\/02\/70c6c83802dcba510d7af370ef16f221c8fb1b52-18x12.jpg 18w\" sizes=\"auto, (max-width: 1440px) 100vw, 1440px\" \/><\/figure>\n<\/div>\n<\/div>\n<\/div>\n\n\n\n<div class=\"wp-block-group alignfull is-style-ext-preset--group--natural-1--section has-tertiary-background-color has-background has-global-padding is-layout-constrained wp-container-core-group-is-layout-e955bbaf wp-block-group-is-layout-constrained\" style=\"margin-top:0;margin-bottom:0;padding-top:var(--wp--preset--spacing--70);padding-bottom:var(--wp--preset--spacing--70)\">\n<div class=\"wp-block-group alignwide is-vertical is-content-justification-center is-layout-flex wp-container-core-group-is-layout-c9ee0c5a wp-block-group-is-layout-flex\">\n<div class=\"wp-block-group has-global-padding is-layout-constrained wp-container-core-group-is-layout-5e05634a wp-block-group-is-layout-constrained\">\n<h2 class=\"wp-block-heading has-text-align-center\">In\u0161pirat\u00edvne pr\u00edbehy z na\u0161ich cestovate\u013esk\u00fdch exped\u00edci\u00ed.<\/h2>\n\n\n\n<p class=\"has-text-align-center\">Podrobn\u00fd n\u00e1vod krok za krokom, ktor\u00fd pom\u00e1ha objavova\u0165 pr\u00edrodn\u00e9 javy po\u010das na\u0161ich experimentov.<\/p>\n<\/div>\n<\/div>\n\n\n\n<div class=\"wp-block-columns alignwide are-vertically-aligned-center is-layout-flex wp-container-core-columns-is-layout-174606dc wp-block-columns-is-layout-flex\">\n<div class=\"wp-block-column is-vertically-aligned-center is-layout-flow wp-block-column-is-layout-flow\">\n<div class=\"wp-block-group alignwide is-vertical is-layout-flex wp-container-core-group-is-layout-c35747d5 wp-block-group-is-layout-flex\">\n<div class=\"wp-block-group has-global-padding is-layout-constrained wp-container-core-group-is-layout-dd32767c wp-block-group-is-layout-constrained\">\n<h3 class=\"wp-block-heading\">Ako na\u0161e exped\u00edcie odha\u013euj\u00fa fascinuj\u00face vedeck\u00e9 z\u00e1kony.<\/h3>\n\n\n\n<p>T\u00e1to report\u00e1\u017e predstavuje, ako sme pomocou praktick\u00fdch pokusov objavili jedine\u010dn\u00e9 fyzik\u00e1lne javy a miestne kult\u00fary, \u010do obohatilo na\u0161e cestovanie.<\/p>\n<\/div>\n<\/div>\n<\/div>\n\n\n\n<div class=\"wp-block-column is-vertically-aligned-center is-layout-flow wp-block-column-is-layout-flow\">\n<figure class=\"wp-block-image is-style-ext-preset--image--natural-1--image-1--content-left is-style-ext-preset--image--natural-1--image-1--content-left--6\"><img loading=\"lazy\" decoding=\"async\" width=\"1280\" height=\"1828\" class=\"wp-image-71\" src=\"https:\/\/www.karitur.com\/wp-content\/uploads\/2026\/02\/2b783ce0fcce64ff67550eff598174e761599f21.jpg\" alt=\"\" style=\"aspect-ratio:4\/3;object-fit:cover\" srcset=\"https:\/\/www.karitur.com\/wp-content\/uploads\/2026\/02\/2b783ce0fcce64ff67550eff598174e761599f21.jpg 1280w, https:\/\/www.karitur.com\/wp-content\/uploads\/2026\/02\/2b783ce0fcce64ff67550eff598174e761599f21-210x300.jpg 210w, https:\/\/www.karitur.com\/wp-content\/uploads\/2026\/02\/2b783ce0fcce64ff67550eff598174e761599f21-717x1024.jpg 717w, https:\/\/www.karitur.com\/wp-content\/uploads\/2026\/02\/2b783ce0fcce64ff67550eff598174e761599f21-768x1097.jpg 768w, https:\/\/www.karitur.com\/wp-content\/uploads\/2026\/02\/2b783ce0fcce64ff67550eff598174e761599f21-1076x1536.jpg 1076w, https:\/\/www.karitur.com\/wp-content\/uploads\/2026\/02\/2b783ce0fcce64ff67550eff598174e761599f21-8x12.jpg 8w\" sizes=\"auto, (max-width: 1280px) 100vw, 1280px\" \/><\/figure>\n<\/div>\n<\/div>\n\n\n\n<div class=\"wp-block-columns alignwide are-vertically-aligned-center is-layout-flex wp-container-core-columns-is-layout-ed161d23 wp-block-columns-is-layout-flex\" style=\"margin-top:var(--wp--preset--spacing--50)\">\n<div class=\"wp-block-column is-vertically-aligned-center is-layout-flow wp-block-column-is-layout-flow\">\n<figure class=\"wp-block-image is-style-ext-preset--image--natural-1--image-1--content-right is-style-ext-preset--image--natural-1--image-1--content-right--7\"><img loading=\"lazy\" decoding=\"async\" width=\"1280\" height=\"1920\" class=\"wp-image-72\" src=\"https:\/\/www.karitur.com\/wp-content\/uploads\/2026\/02\/36a54e0622f55fe74c283ea0fec349967e420444.jpg\" alt=\"\" style=\"aspect-ratio:4\/3;object-fit:cover\" srcset=\"https:\/\/www.karitur.com\/wp-content\/uploads\/2026\/02\/36a54e0622f55fe74c283ea0fec349967e420444.jpg 1280w, https:\/\/www.karitur.com\/wp-content\/uploads\/2026\/02\/36a54e0622f55fe74c283ea0fec349967e420444-200x300.jpg 200w, https:\/\/www.karitur.com\/wp-content\/uploads\/2026\/02\/36a54e0622f55fe74c283ea0fec349967e420444-683x1024.jpg 683w, https:\/\/www.karitur.com\/wp-content\/uploads\/2026\/02\/36a54e0622f55fe74c283ea0fec349967e420444-768x1152.jpg 768w, https:\/\/www.karitur.com\/wp-content\/uploads\/2026\/02\/36a54e0622f55fe74c283ea0fec349967e420444-1024x1536.jpg 1024w, https:\/\/www.karitur.com\/wp-content\/uploads\/2026\/02\/36a54e0622f55fe74c283ea0fec349967e420444-8x12.jpg 8w\" sizes=\"auto, (max-width: 1280px) 100vw, 1280px\" \/><\/figure>\n<\/div>\n\n\n\n<div class=\"wp-block-column is-vertically-aligned-center is-layout-flow wp-block-column-is-layout-flow\">\n<div class=\"wp-block-group alignwide is-vertical is-layout-flex wp-container-core-group-is-layout-c35747d5 wp-block-group-is-layout-flex\">\n<div class=\"wp-block-group has-global-padding is-layout-constrained wp-container-core-group-is-layout-dd32767c wp-block-group-is-layout-constrained\">\n<h3 class=\"wp-block-heading\">Dosiahnutie hlbok\u00e9ho poznania pr\u00edrody cez vedeck\u00e9 experimenty.<\/h3>\n\n\n\n<p>T\u00e1to \u0161t\u00fadia sk\u00fama, ako sme spojili cestovanie s vedeck\u00fdmi pokusmi na odhalenie skryt\u00fdch kr\u00e1s Eur\u00f3py a Afriky.<\/p>\n<\/div>\n<\/div>\n<\/div>\n<\/div>\n\n\n\n<div class=\"wp-block-columns alignwide are-vertically-aligned-center is-layout-flex wp-container-core-columns-is-layout-ed161d23 wp-block-columns-is-layout-flex\" style=\"margin-top:var(--wp--preset--spacing--50)\">\n<div class=\"wp-block-column is-vertically-aligned-center is-layout-flow wp-block-column-is-layout-flow\">\n<div class=\"wp-block-group alignwide is-vertical is-layout-flex wp-container-core-group-is-layout-c35747d5 wp-block-group-is-layout-flex\">\n<div class=\"wp-block-group has-global-padding is-layout-constrained wp-container-core-group-is-layout-dd32767c wp-block-group-is-layout-constrained\">\n<h3 class=\"wp-block-heading\">Zmena poh\u013eadu v\u010faka vedeck\u00fdm objavom po\u010das exped\u00edci\u00ed.<\/h3>\n\n\n\n<p>T\u00e1to report\u00e1\u017e ukazuje, ako sme vyu\u017eili praktick\u00e9 experimenty na lep\u0161ie pochopenie pr\u00edrodn\u00fdch z\u00e1konov a kult\u00farnych pr\u00edbehov.<\/p>\n<\/div>\n<\/div>\n<\/div>\n\n\n\n<div class=\"wp-block-column is-vertically-aligned-center is-layout-flow wp-block-column-is-layout-flow\">\n<figure class=\"wp-block-image is-style-ext-preset--image--natural-1--image-1--content-left is-style-ext-preset--image--natural-1--image-1--content-left--8\"><img loading=\"lazy\" decoding=\"async\" width=\"1280\" height=\"1920\" class=\"wp-image-73\" src=\"https:\/\/www.karitur.com\/wp-content\/uploads\/2026\/02\/cc2297ed0d976c37cbd460dfe1eedc430439fd68.jpg\" alt=\"\" style=\"aspect-ratio:4\/3;object-fit:cover\" srcset=\"https:\/\/www.karitur.com\/wp-content\/uploads\/2026\/02\/cc2297ed0d976c37cbd460dfe1eedc430439fd68.jpg 1280w, https:\/\/www.karitur.com\/wp-content\/uploads\/2026\/02\/cc2297ed0d976c37cbd460dfe1eedc430439fd68-200x300.jpg 200w, https:\/\/www.karitur.com\/wp-content\/uploads\/2026\/02\/cc2297ed0d976c37cbd460dfe1eedc430439fd68-683x1024.jpg 683w, https:\/\/www.karitur.com\/wp-content\/uploads\/2026\/02\/cc2297ed0d976c37cbd460dfe1eedc430439fd68-768x1152.jpg 768w, https:\/\/www.karitur.com\/wp-content\/uploads\/2026\/02\/cc2297ed0d976c37cbd460dfe1eedc430439fd68-1024x1536.jpg 1024w, https:\/\/www.karitur.com\/wp-content\/uploads\/2026\/02\/cc2297ed0d976c37cbd460dfe1eedc430439fd68-8x12.jpg 8w\" sizes=\"auto, (max-width: 1280px) 100vw, 1280px\" \/><\/figure>\n<\/div>\n<\/div>\n\n\n\n<div class=\"wp-block-buttons is-content-justification-center is-layout-flex wp-container-core-buttons-is-layout-a89b3969 wp-block-buttons-is-layout-flex\">\n<div class=\"wp-block-button is-style-ext-preset--button--natural-1--button-1 is-style-ext-preset--button--natural-1--button-1--9\"><a class=\"wp-block-button__link wp-element-button\" href=\"#\">Objavte viac<\/a><\/div>\n<\/div>\n<\/div>\n\n\n\n<div class=\"wp-block-group alignfull is-style-ext-preset--group--natural-1--section has-background-background-color has-background has-global-padding is-layout-constrained wp-container-core-group-is-layout-e955bbaf wp-block-group-is-layout-constrained\" style=\"margin-top:0;margin-bottom:0;padding-top:var(--wp--preset--spacing--70);padding-bottom:var(--wp--preset--spacing--70)\">\n<div class=\"wp-block-group alignwide is-vertical is-layout-flex wp-container-core-group-is-layout-c35747d5 wp-block-group-is-layout-flex\">\n<div class=\"wp-block-group has-global-padding is-layout-constrained wp-container-core-group-is-layout-5e05634a wp-block-group-is-layout-constrained\">\n<h2 class=\"wp-block-heading\">Objavte fascinuj\u00face cestovn\u00e9 experimenty.<\/h2>\n\n\n\n<p>T\u00e1to sekcia predstavuje unik\u00e1tne exped\u00edcie, ktor\u00e9 sp\u00e1jaj\u00fa vedeck\u00e9 pokusy a objavovanie kult\u00far v Eur\u00f3pe a Afrike.<\/p>\n<\/div>\n<\/div>\n\n\n\n<div class=\"wp-block-columns alignwide is-layout-flex wp-container-core-columns-is-layout-08c01c1c wp-block-columns-is-layout-flex\">\n<div class=\"wp-block-column is-vertically-aligned-stretch is-layout-flow wp-container-core-column-is-layout-f5bb311e wp-block-column-is-layout-flow\">\n<div class=\"wp-block-group is-style-ext-preset--group--natural-1--item-card-1--align-start has-global-padding is-layout-constrained wp-block-group-is-layout-constrained is-style-ext-preset--group--natural-1--item-card-1--align-start--11\">\n<div class=\"wp-block-group is-style-default has-global-padding is-layout-constrained wp-block-group-is-layout-constrained\">\n<figure class=\"wp-block-image size-large ext-aspect-landscape wp-duotone-primary-foreground\"><img decoding=\"async\" src=\"data:image\/svg+xml;base64,PHN2ZyB4bWxucz0iaHR0cDovL3d3dy53My5vcmcvMjAwMC9zdmciIHdpZHRoPSI0OCIgaGVpZ2h0PSI0OCIgZmlsbD0iIzAwMDAwMCIgdmlld0JveD0iMCAwIDI1NiAyNTYiPjxwYXRoIGQ9Ik0xNzIsNzZhNDQsNDQsMCwxLDAtNDQsNDRBNDQuMDUsNDQuMDUsMCwwLDAsMTcyLDc2Wm0tNDQsMjhhMjgsMjgsMCwxLDEsMjgtMjhBMjgsMjgsMCwwLDEsMTI4LDEwNFptNjAsMjRhNDQsNDQsMCwxLDAsNDQsNDRBNDQuMDUsNDQuMDUsMCwwLDAsMTg4LDEyOFptMCw3MmEyOCwyOCwwLDEsMSwyOC0yOEEyOCwyOCwwLDAsMSwxODgsMjAwWk02OCwxMjhhNDQsNDQsMCwxLDAsNDQsNDRBNDQuMDUsNDQuMDUsMCwwLDAsNjgsMTI4Wm0wLDcyYTI4LDI4LDAsMSwxLDI4LTI4QTI4LDI4LDAsMCwxLDY4LDIwMFoiPjwvcGF0aD48L3N2Zz4=\" alt=\"\" style=\"object-fit:cover\"\/><\/figure>\n\n\n\n<h3 class=\"wp-block-heading\">Pr\u00edrodn\u00e9 z\u00e1kony v praxi<\/h3>\n\n\n\n<p>T\u00e9ma odha\u013euje fyzik\u00e1lne javy cez praktick\u00e9 pokusy pri cestovan\u00ed.<\/p>\n\n\n\n<div class=\"wp-block-buttons is-layout-flex wp-block-buttons-is-layout-flex\">\n<div class=\"wp-block-button is-style-ext-preset--button--natural-1--button-1 is-style-ext-preset--button--natural-1--button-1--12\"><a class=\"wp-block-button__link wp-element-button\" href=\"#\">Viac inform\u00e1ci\u00ed<\/a><\/div>\n<\/div>\n<\/div>\n<\/div>\n<\/div>\n\n\n\n<div class=\"wp-block-column is-vertically-aligned-stretch is-layout-flow wp-container-core-column-is-layout-f5bb311e wp-block-column-is-layout-flow\">\n<div class=\"wp-block-group is-style-ext-preset--group--natural-1--item-card-1--align-start has-global-padding is-layout-constrained wp-block-group-is-layout-constrained is-style-ext-preset--group--natural-1--item-card-1--align-start--13\">\n<div class=\"wp-block-group is-style-default has-global-padding is-layout-constrained wp-block-group-is-layout-constrained\">\n<figure class=\"wp-block-image size-large ext-aspect-landscape wp-duotone-primary-foreground\"><img decoding=\"async\" src=\"data:image\/svg+xml;base64,PHN2ZyB4bWxucz0iaHR0cDovL3d3dy53My5vcmcvMjAwMC9zdmciIHdpZHRoPSI0OCIgaGVpZ2h0PSI0OCIgZmlsbD0iIzAwMDAwMCIgdmlld0JveD0iMCAwIDI1NiAyNTYiPjxwYXRoIGQ9Ik04MCw0MGE0MCw0MCwwLDEsMCw0MCw0MEE0MCw0MCwwLDAsMCw4MCw0MFptMCw2NGEyNCwyNCwwLDEsMSwyNC0yNEEyNCwyNCwwLDAsMSw4MCwxMDRabTk2LDE2YTQwLDQwLDAsMSwwLTQwLTQwQTQwLDQwLDAsMCwwLDE3NiwxMjBabTAtNjRhMjQsMjQsMCwxLDEtMjQsMjRBMjQsMjQsMCwwLDEsMTc2LDU2Wk04MCwxMzZhNDAsNDAsMCwxLDAsNDAsNDBBNDAsNDAsMCwwLDAsODAsMTM2Wm0wLDY0YTI0LDI0LDAsMSwxLDI0LTI0QTI0LDI0LDAsMCwxLDgwLDIwMFptOTYtNjRhNDAsNDAsMCwxLDAsNDAsNDBBNDAsNDAsMCwwLDAsMTc2LDEzNlptMCw2NGEyNCwyNCwwLDEsMSwyNC0yNEEyNCwyNCwwLDAsMSwxNzYsMjAwWiI+PC9wYXRoPjwvc3ZnPg==\" alt=\"\" style=\"object-fit:cover\"\/><\/figure>\n\n\n\n<h3 class=\"wp-block-heading\">Kult\u00farne stretnutia<\/h3>\n\n\n\n<p>T\u00e9ma sk\u00fama in\u0161pirat\u00edvne pr\u00edbehy \u013eud\u00ed stret\u00e1van\u00fdch na exped\u00edci\u00e1ch.<\/p>\n\n\n\n<div class=\"wp-block-buttons is-layout-flex wp-block-buttons-is-layout-flex\">\n<div class=\"wp-block-button is-style-ext-preset--button--natural-1--button-1 is-style-ext-preset--button--natural-1--button-1--14\"><a class=\"wp-block-button__link wp-element-button\" href=\"#\">Viac inform\u00e1ci\u00ed<\/a><\/div>\n<\/div>\n<\/div>\n<\/div>\n<\/div>\n\n\n\n<div class=\"wp-block-column is-vertically-aligned-stretch is-layout-flow wp-container-core-column-is-layout-f5bb311e wp-block-column-is-layout-flow\">\n<div class=\"wp-block-group is-style-ext-preset--group--natural-1--item-card-1--align-start has-global-padding is-layout-constrained wp-block-group-is-layout-constrained is-style-ext-preset--group--natural-1--item-card-1--align-start--15\">\n<div class=\"wp-block-group is-style-default has-global-padding is-layout-constrained wp-block-group-is-layout-constrained\">\n<figure class=\"wp-block-image size-large ext-aspect-landscape wp-duotone-primary-foreground\"><img decoding=\"async\" src=\"data:image\/svg+xml;base64,PHN2ZyB4bWxucz0iaHR0cDovL3d3dy53My5vcmcvMjAwMC9zdmciIHdpZHRoPSI0OCIgaGVpZ2h0PSI0OCIgZmlsbD0iIzAwMDAwMCIgdmlld0JveD0iMCAwIDI1NiAyNTYiPjxwYXRoIGQ9Ik04MCw0MGE0MCw0MCwwLDEsMCw0MCw0MEE0MCw0MCwwLDAsMCw4MCw0MFptMCw2NGEyNCwyNCwwLDEsMSwyNC0yNEEyNCwyNCwwLDAsMSw4MCwxMDRabTk2LDE2YTQwLDQwLDAsMSwwLTQwLTQwQTQwLDQwLDAsMCwwLDE3NiwxMjBabTAtNjRhMjQsMjQsMCwxLDEtMjQsMjRBMjQsMjQsMCwwLDEsMTc2LDU2Wk04MCwxMzZhNDAsNDAsMCwxLDAsNDAsNDBBNDAsNDAsMCwwLDAsODAsMTM2Wm0wLDY0YTI0LDI0LDAsMSwxLDI0LTI0QTI0LDI0LDAsMCwxLDgwLDIwMFptMTM2LTI0YTgsOCwwLDAsMS04LDhIMTg0djI0YTgsOCwwLDAsMS0xNiwwVjE4NEgxNDRhOCw4LDAsMCwxLDAtMTZoMjRWMTQ0YTgsOCwwLDAsMSwxNiwwdjI0aDI0QTgsOCwwLDAsMSwyMTYsMTc2WiI+PC9wYXRoPjwvc3ZnPg==\" alt=\"\" style=\"object-fit:cover\"\/><\/figure>\n\n\n\n<h3 class=\"wp-block-heading\">Vizu\u00e1lna dokument\u00e1cia<\/h3>\n\n\n\n<p>Presk\u00famajte bohat\u00e9 fotografie a vide\u00e1 zachyt\u00e1vaj\u00face jedine\u010dn\u00e9 momenty exped\u00edci\u00ed.<\/p>\n\n\n\n<div class=\"wp-block-buttons is-layout-flex wp-block-buttons-is-layout-flex\">\n<div class=\"wp-block-button is-style-ext-preset--button--natural-1--button-1 is-style-ext-preset--button--natural-1--button-1--16\"><a class=\"wp-block-button__link wp-element-button\" href=\"#\">Viac inform\u00e1ci\u00ed<\/a><\/div>\n<\/div>\n<\/div>\n<\/div>\n<\/div>\n<\/div>\n<\/div>\n\n\n\n<div class=\"wp-block-group alignfull is-style-ext-preset--group--natural-1--section has-tertiary-background-color has-background has-global-padding is-layout-constrained wp-container-core-group-is-layout-e955bbaf wp-block-group-is-layout-constrained\" style=\"margin-top:0;margin-bottom:0;padding-top:var(--wp--preset--spacing--70);padding-bottom:var(--wp--preset--spacing--70)\">\n<div class=\"wp-block-media-text alignwide has-media-on-the-right is-stacked-on-mobile is-image-fill-element is-style-ext-preset--media-text--natural-1--card-1 has-background-background-color has-background is-style-ext-preset--media-text--natural-1--card-1--18\"><div class=\"wp-block-media-text__content\">\n<div class=\"wp-block-group alignwide is-vertical is-layout-flex wp-container-core-group-is-layout-53474e87 wp-block-group-is-layout-flex\" style=\"padding-top:var(--wp--preset--spacing--60);padding-bottom:var(--wp--preset--spacing--60)\">\n<div class=\"wp-block-group has-global-padding is-layout-constrained wp-container-core-group-is-layout-812d5580 wp-block-group-is-layout-constrained\" style=\"padding-top:0;padding-right:0;padding-bottom:0;padding-left:0\">\n<h2 class=\"wp-block-heading\">Za\u017eite fascinuj\u00face cestovn\u00e9 experimenty s nami u\u017e dnes.<\/h2>\n\n\n\n<p>Pridajte sa k n\u00e1m na ceste po Eur\u00f3pe a Afrike, kde objav\u00edte pr\u00edrodn\u00e9 z\u00e1kony cez jedine\u010dn\u00e9 vedeck\u00e9 pokusy a in\u0161pirat\u00edvne pr\u00edbehy z miestnych kult\u00far. Z\u00edskajte hlbok\u00fd poh\u013ead, ktor\u00fd roz\u0161\u00edri va\u0161e obzory a o\u017eiv\u00ed va\u0161u zvedavos\u0165.<\/p>\n<\/div>\n\n\n\n<div class=\"wp-block-buttons is-layout-flex wp-block-buttons-is-layout-flex\">\n<div class=\"wp-block-button is-style-ext-preset--button--natural-1--button-1 is-style-ext-preset--button--natural-1--button-1--19\"><a class=\"wp-block-button__link wp-element-button\" href=\"#\">Zistite viac<\/a><\/div>\n<\/div>\n<\/div>\n<\/div><figure class=\"wp-block-media-text__media\"><img loading=\"lazy\" decoding=\"async\" width=\"1440\" height=\"960\" class=\"wp-image-114 size-full\" src=\"https:\/\/www.karitur.com\/wp-content\/uploads\/2026\/02\/56df94a175ee926cc4c37c2d8651f7eb1a639124.jpg\" alt=\"\" style=\"object-position:50% 50%\" srcset=\"https:\/\/www.karitur.com\/wp-content\/uploads\/2026\/02\/56df94a175ee926cc4c37c2d8651f7eb1a639124.jpg 1440w, https:\/\/www.karitur.com\/wp-content\/uploads\/2026\/02\/56df94a175ee926cc4c37c2d8651f7eb1a639124-300x200.jpg 300w, https:\/\/www.karitur.com\/wp-content\/uploads\/2026\/02\/56df94a175ee926cc4c37c2d8651f7eb1a639124-1024x683.jpg 1024w, https:\/\/www.karitur.com\/wp-content\/uploads\/2026\/02\/56df94a175ee926cc4c37c2d8651f7eb1a639124-768x512.jpg 768w, https:\/\/www.karitur.com\/wp-content\/uploads\/2026\/02\/56df94a175ee926cc4c37c2d8651f7eb1a639124-18x12.jpg 18w\" sizes=\"auto, (max-width: 1440px) 100vw, 1440px\" \/><\/figure><\/div>\n<\/div>","protected":false},"excerpt":{"rendered":"<p>Objavte fascinuj\u00facu gal\u00e9riu na\u0161ich cestovate\u013esk\u00fdch experimentov. T\u00e1to sekcia predstavuje v\u00fdber jedine\u010dn\u00fdch fotografi\u00ed, ktor\u00e9 zachyt\u00e1vaj\u00fa pr\u00edrodn\u00e9 kr\u00e1sy a vedeck\u00e9 objavy po\u010das exped\u00edci\u00ed. In\u0161pirat\u00edvne pr\u00edbehy z na\u0161ich cestovate\u013esk\u00fdch exped\u00edci\u00ed. Podrobn\u00fd n\u00e1vod krok za krokom, ktor\u00fd pom\u00e1ha objavova\u0165 pr\u00edrodn\u00e9 javy po\u010das na\u0161ich experimentov. Ako na\u0161e exped\u00edcie odha\u013euj\u00fa fascinuj\u00face vedeck\u00e9 z\u00e1kony. T\u00e1to report\u00e1\u017e predstavuje, ako sme pomocou praktick\u00fdch pokusov [&hellip;]<\/p>\n","protected":false},"author":1,"featured_media":0,"parent":0,"menu_order":0,"comment_status":"closed","ping_status":"closed","template":"page-with-title","meta":{"_monsterinsights_skip_tracking":false,"_monsterinsights_sitenote_active":false,"_monsterinsights_sitenote_note":"","_monsterinsights_sitenote_category":0,"footnotes":""},"class_list":["post-107","page","type-page","status-publish","hentry"],"aioseo_notices":[],"_links":{"self":[{"href":"https:\/\/www.karitur.com\/hu\/wp-json\/wp\/v2\/pages\/107","targetHints":{"allow":["GET"]}}],"collection":[{"href":"https:\/\/www.karitur.com\/hu\/wp-json\/wp\/v2\/pages"}],"about":[{"href":"https:\/\/www.karitur.com\/hu\/wp-json\/wp\/v2\/types\/page"}],"author":[{"embeddable":true,"href":"https:\/\/www.karitur.com\/hu\/wp-json\/wp\/v2\/users\/1"}],"replies":[{"embeddable":true,"href":"https:\/\/www.karitur.com\/hu\/wp-json\/wp\/v2\/comments?post=107"}],"version-history":[{"count":2,"href":"https:\/\/www.karitur.com\/hu\/wp-json\/wp\/v2\/pages\/107\/revisions"}],"predecessor-version":[{"id":115,"href":"https:\/\/www.karitur.com\/hu\/wp-json\/wp\/v2\/pages\/107\/revisions\/115"}],"wp:attachment":[{"href":"https:\/\/www.karitur.com\/hu\/wp-json\/wp\/v2\/media?parent=107"}],"curies":[{"name":"wp","href":"https:\/\/api.w.org\/{rel}","templated":true}]}}